{"id":204,"date":"2021-03-01T14:09:23","date_gmt":"2021-03-01T10:09:23","guid":{"rendered":"https:\/\/bourboncarevasion.re\/?page_id=204"},"modified":"2021-08-04T14:15:38","modified_gmt":"2021-08-04T10:15:38","slug":"elementor-204","status":"publish","type":"page","link":"https:\/\/bourboncarevasion.re\/?page_id=204","title":{"rendered":""},"content":{"rendered":"\t\t<div data-elementor-type=\"wp-post\" data-elementor-id=\"204\" class=\"elementor elementor-204\" data-elementor-settings=\"[]\">\n\t\t\t<div class=\"elementor-inner\">\n\t\t\t\t<div class=\"elementor-section-wrap\">\n\t\t\t\t\t\t\t<section class=\"elementor-element elementor-element-ef7d3ae elementor-section-boxed elementor-section-height-default elementor-section-height-default elementor-section elementor-top-section\" data-id=\"ef7d3ae\" data-element_type=\"section\">\n\t\t\t\t\t\t<div class=\"elementor-container elementor-column-gap-default\">\n\t\t\t\t<div class=\"elementor-row\">\n\t\t\t\t<div class=\"elementor-element elementor-element-839cc69 elementor-column elementor-col-100 elementor-top-column\" data-id=\"839cc69\" data-element_type=\"column\">\n\t\t\t<div class=\"elementor-column-wrap  elementor-element-populated\">\n\t\t\t\t\t<div class=\"elementor-widget-wrap\">\n\t\t\t\t<div class=\"elementor-element elementor-element-5b3d444 eael-infobox-content-align-center eael-infobox-shape-square eael-infobox-hover-img-shape-square elementor-widget elementor-widget-eael-info-box\" data-id=\"5b3d444\" data-element_type=\"widget\" data-widget_type=\"eael-info-box.default\">\n\t\t\t\t<div class=\"elementor-widget-container\">\n\t\t\t\t\t\t\t<div class=\"eael-infobox\">\n\t\t\t\t\t<div class=\"infobox-icon\">\n\n\t\t\t\t\t\t\t\t\t<img decoding=\"async\" src=\"https:\/\/bourboncarevasion.re\/wp-content\/uploads\/2021\/03\/cropped-Capture-decran-2021-02-24-102349.png\" alt=\"\">\n\t\t\t\t\n\t\t\t\t\n\t\t\t\t\n\t\t\t<\/div>\n\t\t\t\t\t<div class=\"infobox-content\">\n\t\t\t\t<h4 class=\"title\"><\/h4>\n\t\t\t\t\t\t\t\t\t\t\t\t\t\t\t\t\t\t\t\t\t\t<p><p>Pour tout renseignements, vous pouvez nous contacter au <strong>0262 35 56 70<\/strong>.\u00a0<\/p><p><strong>contact@bourboncarevasion.re<\/strong><\/p><p>Nous sommes situ\u00e9s au <strong>5 rue Louis Maillot, 97413 Cilaos<\/strong>.<\/p><p>Vous pouvez aussi faire une demande de devis en inscrivant toutes les informations n\u00e9cessaires dans le formulaire ci-dessous, une r\u00e9ponse vous sera transmise dans les plus brefs d\u00e9lais.<\/p><\/p>\n\t\t\t\t\t\t\t\t\t\t\t\t\t\t\t\t\t\t\t\t\t\t\t\t<\/div>\n\t\t<\/div>\t\t<\/div>\n\t\t\t\t<\/div>\n\t\t\t\t<div class=\"elementor-element elementor-element-10f5910 elementor-widget elementor-widget-wpforms\" data-id=\"10f5910\" data-element_type=\"widget\" data-widget_type=\"wpforms.default\">\n\t\t\t\t<div class=\"elementor-widget-container\">\n\t\t\t<div class=\"wpforms-container wpforms-container-full\" id=\"wpforms-45\"><form id=\"wpforms-form-45\" class=\"wpforms-validate wpforms-form\" data-formid=\"45\" method=\"post\" enctype=\"multipart\/form-data\" action=\"\/index.php?rest_route=%2Fwp%2Fv2%2Fpages%2F204\" data-token=\"0bd55109b56013636ab6650c85016bb6\"><noscript class=\"wpforms-error-noscript\">Veuillez activer JavaScript dans votre navigateur pour remplir ce formulaire.<\/noscript><div class=\"wpforms-field-container\"><div id=\"wpforms-45-field_0-container\" class=\"wpforms-field wpforms-field-name\" data-field-id=\"0\"><label class=\"wpforms-field-label\" for=\"wpforms-45-field_0\">Nom <span class=\"wpforms-required-label\">*<\/span><\/label><div class=\"wpforms-field-row wpforms-field-medium\"><div class=\"wpforms-field-row-block wpforms-first wpforms-one-half\"><input type=\"text\" id=\"wpforms-45-field_0\" class=\"wpforms-field-name-first wpforms-field-required\" name=\"wpforms[fields][0][first]\" required><label for=\"wpforms-45-field_0\" class=\"wpforms-field-sublabel after \">Pr\u00e9nom<\/label><\/div><div class=\"wpforms-field-row-block wpforms-one-half\"><input type=\"text\" id=\"wpforms-45-field_0-last\" class=\"wpforms-field-name-last wpforms-field-required\" name=\"wpforms[fields][0][last]\" required><label for=\"wpforms-45-field_0-last\" class=\"wpforms-field-sublabel after \">Nom<\/label><\/div><\/div><\/div><div id=\"wpforms-45-field_1-container\" class=\"wpforms-field wpforms-field-email\" data-field-id=\"1\"><label class=\"wpforms-field-label\" for=\"wpforms-45-field_1\">E-mail <span class=\"wpforms-required-label\">*<\/span><\/label><input type=\"email\" id=\"wpforms-45-field_1\" class=\"wpforms-field-medium wpforms-field-required\" name=\"wpforms[fields][1]\" required><\/div><div id=\"wpforms-45-field_3-container\" class=\"wpforms-field wpforms-field-text\" data-field-id=\"3\"><label class=\"wpforms-field-label\" for=\"wpforms-45-field_3\">Num\u00e9ro de t\u00e9l\u00e9phone <span class=\"wpforms-required-label\">*<\/span><\/label><input type=\"text\" id=\"wpforms-45-field_3\" class=\"wpforms-field-medium wpforms-field-required\" name=\"wpforms[fields][3]\" required><\/div><div id=\"wpforms-45-field_2-container\" class=\"wpforms-field wpforms-field-textarea\" data-field-id=\"2\"><label class=\"wpforms-field-label\" for=\"wpforms-45-field_2\">Votre demande <span class=\"wpforms-required-label\">*<\/span><\/label><textarea id=\"wpforms-45-field_2\" class=\"wpforms-field-medium wpforms-field-required\" name=\"wpforms[fields][2]\" required><\/textarea><\/div><\/div><div class=\"wpforms-field wpforms-field-hp\"><label for=\"wpforms-45-field-hp\" class=\"wpforms-field-label\">Message<\/label><input type=\"text\" name=\"wpforms[hp]\" id=\"wpforms-45-field-hp\" class=\"wpforms-field-medium\"><\/div><div class=\"wpforms-submit-container\" ><input type=\"hidden\" name=\"wpforms[id]\" value=\"45\"><input type=\"hidden\" name=\"wpforms[author]\" value=\"1\"><button type=\"submit\" name=\"wpforms[submit]\" class=\"wpforms-submit \" id=\"wpforms-submit-45\" value=\"wpforms-submit\" aria-live=\"assertive\" data-alt-text=\"Envoi...\" data-submit-text=\"Envoyer\">Envoyer<\/button><\/div><\/form><\/div>  <!-- .wpforms-container -->\t\t<\/div>\n\t\t\t\t<\/div>\n\t\t\t\t<div class=\"elementor-element elementor-element-52772a7 elementor-widget elementor-widget-google_maps\" data-id=\"52772a7\" data-element_type=\"widget\" data-widget_type=\"google_maps.default\">\n\t\t\t\t<div class=\"elementor-widget-container\">\n\t\t\t<div class=\"elementor-custom-embed\"><iframe frameborder=\"0\" scrolling=\"no\" marginheight=\"0\" marginwidth=\"0\" src=\"https:\/\/maps.google.com\/maps?q=R%C3%A9union%2C%20Cilaos%2C%205%20rue%20Louis&amp;t=m&amp;z=10&amp;output=embed&amp;iwloc=near\" aria-label=\"R\u00e9union, Cilaos, 5 rue Louis\"><\/iframe><\/div>\t\t<\/div>\n\t\t\t\t<\/div>\n\t\t\t\t\t\t<\/div>\n\t\t\t<\/div>\n\t\t<\/div>\n\t\t\t\t\t\t<\/div>\n\t\t\t<\/div>\n\t\t<\/section>\n\t\t\t\t<section class=\"elementor-element elementor-element-2798842 elementor-section-boxed elementor-section-height-default elementor-section-height-default elementor-section elementor-top-section\" data-id=\"2798842\" data-element_type=\"section\">\n\t\t\t\t\t\t<div class=\"elementor-container elementor-column-gap-default\">\n\t\t\t\t<div class=\"elementor-row\">\n\t\t\t\t<div class=\"elementor-element elementor-element-0ed849c elementor-column elementor-col-100 elementor-top-column\" data-id=\"0ed849c\" data-element_type=\"column\">\n\t\t\t<div class=\"elementor-column-wrap  elementor-element-populated\">\n\t\t\t\t\t<div class=\"elementor-widget-wrap\">\n\t\t\t\t<div class=\"elementor-element elementor-element-1b6b3c6 elementor-widget elementor-widget-text-editor\" data-id=\"1b6b3c6\" data-element_type=\"widget\" data-widget_type=\"text-editor.default\">\n\t\t\t\t<div class=\"elementor-widget-container\">\n\t\t\t\t\t<div class=\"elementor-text-editor elementor-clearfix\"><\/div>\n\t\t\t\t<\/div>\n\t\t\t\t<\/div>\n\t\t\t\t\t\t<\/div>\n\t\t\t<\/div>\n\t\t<\/div>\n\t\t\t\t\t\t<\/div>\n\t\t\t<\/div>\n\t\t<\/section>\n\t\t\t\t\t\t<\/div>\n\t\t\t<\/div>\n\t\t<\/div>\n\t\t","protected":false},"excerpt":{"rendered":"<p>Pour tout renseignements, vous pouvez nous contacter au 0262 35 56 70.\u00a0 contact@bourboncarevasion.re Nous sommes situ\u00e9s au 5 rue Louis Maillot, 97413 Cilaos. Vous pouvez aussi faire une demande de devis en inscrivant toutes les informations n\u00e9cessaires dans le formulaire ci-dessous, une r\u00e9ponse vous sera transmise dans les plus brefs d\u00e9lais.<\/p>\n","protected":false},"author":1,"featured_media":18,"parent":0,"menu_order":0,"comment_status":"closed","ping_status":"closed","template":"","meta":{"footnotes":""},"class_list":["post-204","page","type-page","status-publish","has-post-thumbnail","hentry"],"yoast_head":"<!-- This site is optimized with the Yoast SEO plugin v15.9 - https:\/\/yoast.com\/wordpress\/plugins\/seo\/ -->\n<title>- Bourbon Car Evasion<\/title>\n<meta name=\"robots\" content=\"index, follow, max-snippet:-1, max-image-preview:large, max-video-preview:-1\" \/>\n<link rel=\"canonical\" href=\"https:\/\/bourboncarevasion.re\/?page_id=204\" \/>\n<meta property=\"og:locale\" content=\"fr_FR\" \/>\n<meta property=\"og:type\" content=\"article\" \/>\n<meta property=\"og:title\" content=\"- Bourbon Car Evasion\" \/>\n<meta property=\"og:description\" content=\"Pour tout renseignements, vous pouvez nous contacter au 0262 35 56 70.\u00a0 contact@bourboncarevasion.re Nous sommes situ\u00e9s au 5 rue Louis Maillot, 97413 Cilaos. Vous pouvez aussi faire une demande de devis en inscrivant toutes les informations n\u00e9cessaires dans le formulaire ci-dessous, une r\u00e9ponse vous sera transmise dans les plus brefs d\u00e9lais.\" \/>\n<meta property=\"og:url\" content=\"https:\/\/bourboncarevasion.re\/?page_id=204\" \/>\n<meta property=\"og:site_name\" content=\"Bourbon Car Evasion\" \/>\n<meta property=\"article:modified_time\" content=\"2021-08-04T10:15:38+00:00\" \/>\n<meta property=\"og:image\" content=\"https:\/\/bourboncarevasion.re\/wp-content\/uploads\/2019\/08\/fullsizeoutput_30d-1024x363.jpeg\" \/>\n\t<meta property=\"og:image:width\" content=\"1024\" \/>\n\t<meta property=\"og:image:height\" content=\"363\" \/>\n<meta name=\"twitter:card\" content=\"summary_large_image\" \/>\n<meta name=\"twitter:label1\" content=\"Dur\u00e9e de lecture est.\">\n\t<meta name=\"twitter:data1\" content=\"1 minute\">\n<script type=\"application\/ld+json\" class=\"yoast-schema-graph\">{\"@context\":\"https:\/\/schema.org\",\"@graph\":[{\"@type\":\"WebSite\",\"@id\":\"https:\/\/bourboncarevasion.re\/#website\",\"url\":\"https:\/\/bourboncarevasion.re\/\",\"name\":\"Bourbon Car Evasion\",\"description\":\"L&#039;evasion \\u00e0 Cilaos\",\"potentialAction\":[{\"@type\":\"SearchAction\",\"target\":\"https:\/\/bourboncarevasion.re\/?s={search_term_string}\",\"query-input\":\"required name=search_term_string\"}],\"inLanguage\":\"fr-FR\"},{\"@type\":\"ImageObject\",\"@id\":\"https:\/\/bourboncarevasion.re\/?page_id=204#primaryimage\",\"inLanguage\":\"fr-FR\",\"url\":\"https:\/\/bourboncarevasion.re\/wp-content\/uploads\/2019\/08\/fullsizeoutput_30d.jpeg\",\"width\":10248,\"height\":3628},{\"@type\":\"WebPage\",\"@id\":\"https:\/\/bourboncarevasion.re\/?page_id=204#webpage\",\"url\":\"https:\/\/bourboncarevasion.re\/?page_id=204\",\"name\":\"- Bourbon Car Evasion\",\"isPartOf\":{\"@id\":\"https:\/\/bourboncarevasion.re\/#website\"},\"primaryImageOfPage\":{\"@id\":\"https:\/\/bourboncarevasion.re\/?page_id=204#primaryimage\"},\"datePublished\":\"2021-03-01T10:09:23+00:00\",\"dateModified\":\"2021-08-04T10:15:38+00:00\",\"breadcrumb\":{\"@id\":\"https:\/\/bourboncarevasion.re\/?page_id=204#breadcrumb\"},\"inLanguage\":\"fr-FR\",\"potentialAction\":[{\"@type\":\"ReadAction\",\"target\":[\"https:\/\/bourboncarevasion.re\/?page_id=204\"]}]},{\"@type\":\"BreadcrumbList\",\"@id\":\"https:\/\/bourboncarevasion.re\/?page_id=204#breadcrumb\",\"itemListElement\":[{\"@type\":\"ListItem\",\"position\":1,\"item\":{\"@type\":\"WebPage\",\"@id\":\"https:\/\/bourboncarevasion.re\/\",\"url\":\"https:\/\/bourboncarevasion.re\/\",\"name\":\"Accueil\"}},{\"@type\":\"ListItem\",\"position\":2,\"item\":{\"@type\":\"WebPage\",\"@id\":\"https:\/\/bourboncarevasion.re\/?page_id=204\",\"url\":\"https:\/\/bourboncarevasion.re\/?page_id=204\",\"name\":\"- Bourbon Car Evasion\"}}]}]}<\/script>\n<!-- \/ Yoast SEO plugin. -->","_links":{"self":[{"href":"https:\/\/bourboncarevasion.re\/index.php?rest_route=\/wp\/v2\/pages\/204","targetHints":{"allow":["GET"]}}],"collection":[{"href":"https:\/\/bourboncarevasion.re\/index.php?rest_route=\/wp\/v2\/pages"}],"about":[{"href":"https:\/\/bourboncarevasion.re\/index.php?rest_route=\/wp\/v2\/types\/page"}],"author":[{"embeddable":true,"href":"https:\/\/bourboncarevasion.re\/index.php?rest_route=\/wp\/v2\/users\/1"}],"replies":[{"embeddable":true,"href":"https:\/\/bourboncarevasion.re\/index.php?rest_route=%2Fwp%2Fv2%2Fcomments&post=204"}],"version-history":[{"count":14,"href":"https:\/\/bourboncarevasion.re\/index.php?rest_route=\/wp\/v2\/pages\/204\/revisions"}],"predecessor-version":[{"id":342,"href":"https:\/\/bourboncarevasion.re\/index.php?rest_route=\/wp\/v2\/pages\/204\/revisions\/342"}],"wp:featuredmedia":[{"embeddable":true,"href":"https:\/\/bourboncarevasion.re\/index.php?rest_route=\/wp\/v2\/media\/18"}],"wp:attachment":[{"href":"https:\/\/bourboncarevasion.re\/index.php?rest_route=%2Fwp%2Fv2%2Fmedia&parent=204"}],"curies":[{"name":"wp","href":"https:\/\/api.w.org\/{rel}","templated":true}]}}