{"id":252,"date":"2021-03-23T11:39:13","date_gmt":"2021-03-23T07:39:13","guid":{"rendered":"https:\/\/bourboncarevasion.re\/?page_id=252"},"modified":"2021-10-12T09:26:32","modified_gmt":"2021-10-12T05:26:32","slug":"elementor-252","status":"publish","type":"page","link":"https:\/\/bourboncarevasion.re\/?page_id=252","title":{"rendered":""},"content":{"rendered":"\t\t<div data-elementor-type=\"wp-post\" data-elementor-id=\"252\" class=\"elementor elementor-252\" data-elementor-settings=\"[]\">\n\t\t\t<div class=\"elementor-inner\">\n\t\t\t\t<div class=\"elementor-section-wrap\">\n\t\t\t\t\t\t\t<section class=\"elementor-element elementor-element-85baaa2 elementor-section-boxed elementor-section-height-default elementor-section-height-default elementor-section elementor-top-section\" data-id=\"85baaa2\" data-element_type=\"section\">\n\t\t\t\t\t\t<div class=\"elementor-container elementor-column-gap-default\">\n\t\t\t\t<div class=\"elementor-row\">\n\t\t\t\t<div class=\"elementor-element elementor-element-8586452 elementor-column elementor-col-100 elementor-top-column\" data-id=\"8586452\" data-element_type=\"column\">\n\t\t\t<div class=\"elementor-column-wrap  elementor-element-populated\">\n\t\t\t\t\t<div class=\"elementor-widget-wrap\">\n\t\t\t\t<div class=\"elementor-element elementor-element-bcbf544 elementor-widget elementor-widget-heading\" data-id=\"bcbf544\" data-element_type=\"widget\" data-widget_type=\"heading.default\">\n\t\t\t\t<div class=\"elementor-widget-container\">\n\t\t\t<h2 class=\"elementor-heading-title elementor-size-default\">Notre flotte, pour un service optimum<\/h2>\t\t<\/div>\n\t\t\t\t<\/div>\n\t\t\t\t<div class=\"elementor-element elementor-element-0699e20 elementor-widget elementor-widget-text-editor\" data-id=\"0699e20\" data-element_type=\"widget\" data-widget_type=\"text-editor.default\">\n\t\t\t\t<div class=\"elementor-widget-container\">\n\t\t\t\t\t<div class=\"elementor-text-editor elementor-clearfix\"><p><\/p>\n<p>Nous disposons sur le site, \u00e0 ce jour, de v\u00e9hicules de 33 places et de 3 v\u00e9hicules de 40 places qui sont entretenus r\u00e9guli\u00e8rement par un service rigoureux.<\/p>\n<p><\/p>\n<p>Nos 7 conducteurs sont exp\u00e9riment\u00e9s et connaissent tr\u00e8s bien le cirque et les particularit\u00e9s techniques de la conduite de transport en commun dans cette commune.<\/p>\n<p>Petite commune quelques fois isol\u00e9e, la population de Cilaos n&rsquo;a pas toujours connu les meilleurs conditions de transport.&nbsp;<\/p>\n<p><strong>Notre mission est de r\u00e9pondre au mieux aux besoins de la population population de Cilaos pour le transport scolaire, urbain et occasionnel.<\/strong><\/p><\/div>\n\t\t\t\t<\/div>\n\t\t\t\t<\/div>\n\t\t\t\t\t\t<\/div>\n\t\t\t<\/div>\n\t\t<\/div>\n\t\t\t\t\t\t<\/div>\n\t\t\t<\/div>\n\t\t<\/section>\n\t\t\t\t\t\t<\/div>\n\t\t\t<\/div>\n\t\t<\/div>\n\t\t","protected":false},"excerpt":{"rendered":"<p>Notre flotte, pour un service optimum Nous disposons sur le site, \u00e0 ce jour, de v\u00e9hicules de 33 places et de 3 v\u00e9hicules de 40 places qui sont entretenus r\u00e9guli\u00e8rement par un service rigoureux. Nos 7 conducteurs sont exp\u00e9riment\u00e9s et connaissent tr\u00e8s bien le cirque et les particularit\u00e9s techniques de la conduite de transport en &hellip; <\/p>\n","protected":false},"author":1,"featured_media":18,"parent":0,"menu_order":0,"comment_status":"closed","ping_status":"closed","template":"","meta":{"footnotes":""},"class_list":["post-252","page","type-page","status-publish","has-post-thumbnail","hentry"],"yoast_head":"<!-- This site is optimized with the Yoast SEO plugin v15.9 - https:\/\/yoast.com\/wordpress\/plugins\/seo\/ -->\n<title>- Bourbon Car Evasion<\/title>\n<meta name=\"robots\" content=\"index, follow, max-snippet:-1, max-image-preview:large, max-video-preview:-1\" \/>\n<link rel=\"canonical\" href=\"https:\/\/bourboncarevasion.re\/?page_id=252\" \/>\n<meta property=\"og:locale\" content=\"fr_FR\" \/>\n<meta property=\"og:type\" content=\"article\" \/>\n<meta property=\"og:title\" content=\"- Bourbon Car Evasion\" \/>\n<meta property=\"og:description\" content=\"Notre flotte, pour un service optimum Nous disposons sur le site, \u00e0 ce jour, de v\u00e9hicules de 33 places et de 3 v\u00e9hicules de 40 places qui sont entretenus r\u00e9guli\u00e8rement par un service rigoureux. Nos 7 conducteurs sont exp\u00e9riment\u00e9s et connaissent tr\u00e8s bien le cirque et les particularit\u00e9s techniques de la conduite de transport en &hellip;\" \/>\n<meta property=\"og:url\" content=\"https:\/\/bourboncarevasion.re\/?page_id=252\" \/>\n<meta property=\"og:site_name\" content=\"Bourbon Car Evasion\" \/>\n<meta property=\"article:modified_time\" content=\"2021-10-12T05:26:32+00:00\" \/>\n<meta property=\"og:image\" content=\"https:\/\/bourboncarevasion.re\/wp-content\/uploads\/2019\/08\/fullsizeoutput_30d-1024x363.jpeg\" \/>\n\t<meta property=\"og:image:width\" content=\"1024\" \/>\n\t<meta property=\"og:image:height\" content=\"363\" \/>\n<meta name=\"twitter:card\" content=\"summary_large_image\" \/>\n<meta name=\"twitter:label1\" content=\"Dur\u00e9e de lecture est.\">\n\t<meta name=\"twitter:data1\" content=\"1 minute\">\n<script type=\"application\/ld+json\" class=\"yoast-schema-graph\">{\"@context\":\"https:\/\/schema.org\",\"@graph\":[{\"@type\":\"WebSite\",\"@id\":\"https:\/\/bourboncarevasion.re\/#website\",\"url\":\"https:\/\/bourboncarevasion.re\/\",\"name\":\"Bourbon Car Evasion\",\"description\":\"L&#039;evasion \\u00e0 Cilaos\",\"potentialAction\":[{\"@type\":\"SearchAction\",\"target\":\"https:\/\/bourboncarevasion.re\/?s={search_term_string}\",\"query-input\":\"required name=search_term_string\"}],\"inLanguage\":\"fr-FR\"},{\"@type\":\"ImageObject\",\"@id\":\"https:\/\/bourboncarevasion.re\/?page_id=252#primaryimage\",\"inLanguage\":\"fr-FR\",\"url\":\"https:\/\/bourboncarevasion.re\/wp-content\/uploads\/2019\/08\/fullsizeoutput_30d.jpeg\",\"width\":10248,\"height\":3628},{\"@type\":\"WebPage\",\"@id\":\"https:\/\/bourboncarevasion.re\/?page_id=252#webpage\",\"url\":\"https:\/\/bourboncarevasion.re\/?page_id=252\",\"name\":\"- Bourbon Car Evasion\",\"isPartOf\":{\"@id\":\"https:\/\/bourboncarevasion.re\/#website\"},\"primaryImageOfPage\":{\"@id\":\"https:\/\/bourboncarevasion.re\/?page_id=252#primaryimage\"},\"datePublished\":\"2021-03-23T07:39:13+00:00\",\"dateModified\":\"2021-10-12T05:26:32+00:00\",\"breadcrumb\":{\"@id\":\"https:\/\/bourboncarevasion.re\/?page_id=252#breadcrumb\"},\"inLanguage\":\"fr-FR\",\"potentialAction\":[{\"@type\":\"ReadAction\",\"target\":[\"https:\/\/bourboncarevasion.re\/?page_id=252\"]}]},{\"@type\":\"BreadcrumbList\",\"@id\":\"https:\/\/bourboncarevasion.re\/?page_id=252#breadcrumb\",\"itemListElement\":[{\"@type\":\"ListItem\",\"position\":1,\"item\":{\"@type\":\"WebPage\",\"@id\":\"https:\/\/bourboncarevasion.re\/\",\"url\":\"https:\/\/bourboncarevasion.re\/\",\"name\":\"Accueil\"}},{\"@type\":\"ListItem\",\"position\":2,\"item\":{\"@type\":\"WebPage\",\"@id\":\"https:\/\/bourboncarevasion.re\/?page_id=252\",\"url\":\"https:\/\/bourboncarevasion.re\/?page_id=252\",\"name\":\"- Bourbon Car Evasion\"}}]}]}<\/script>\n<!-- \/ Yoast SEO plugin. -->","_links":{"self":[{"href":"https:\/\/bourboncarevasion.re\/index.php?rest_route=\/wp\/v2\/pages\/252","targetHints":{"allow":["GET"]}}],"collection":[{"href":"https:\/\/bourboncarevasion.re\/index.php?rest_route=\/wp\/v2\/pages"}],"about":[{"href":"https:\/\/bourboncarevasion.re\/index.php?rest_route=\/wp\/v2\/types\/page"}],"author":[{"embeddable":true,"href":"https:\/\/bourboncarevasion.re\/index.php?rest_route=\/wp\/v2\/users\/1"}],"replies":[{"embeddable":true,"href":"https:\/\/bourboncarevasion.re\/index.php?rest_route=%2Fwp%2Fv2%2Fcomments&post=252"}],"version-history":[{"count":11,"href":"https:\/\/bourboncarevasion.re\/index.php?rest_route=\/wp\/v2\/pages\/252\/revisions"}],"predecessor-version":[{"id":391,"href":"https:\/\/bourboncarevasion.re\/index.php?rest_route=\/wp\/v2\/pages\/252\/revisions\/391"}],"wp:featuredmedia":[{"embeddable":true,"href":"https:\/\/bourboncarevasion.re\/index.php?rest_route=\/wp\/v2\/media\/18"}],"wp:attachment":[{"href":"https:\/\/bourboncarevasion.re\/index.php?rest_route=%2Fwp%2Fv2%2Fmedia&parent=252"}],"curies":[{"name":"wp","href":"https:\/\/api.w.org\/{rel}","templated":true}]}}