{"id":3,"date":"2019-08-08T13:35:33","date_gmt":"2019-08-08T11:35:33","guid":{"rendered":"http:\/\/bourboncarevasion.re\/?page_id=3"},"modified":"2020-07-01T14:15:04","modified_gmt":"2020-07-01T12:15:04","slug":"politique-de-confidentialite","status":"publish","type":"page","link":"https:\/\/bourboncarevasion.re\/?page_id=3","title":{"rendered":"Politique de confidentialit\u00e9"},"content":{"rendered":"\t\t<div data-elementor-type=\"wp-page\" data-elementor-id=\"3\" class=\"elementor elementor-3\" data-elementor-settings=\"[]\">\n\t\t\t<div class=\"elementor-inner\">\n\t\t\t\t<div class=\"elementor-section-wrap\">\n\t\t\t\t\t\t\t<section class=\"elementor-element elementor-element-14d19068 elementor-section-boxed elementor-section-height-default elementor-section-height-default elementor-section elementor-top-section\" data-id=\"14d19068\" data-element_type=\"section\">\n\t\t\t\t\t\t<div class=\"elementor-container elementor-column-gap-default\">\n\t\t\t\t<div class=\"elementor-row\">\n\t\t\t\t<div class=\"elementor-element elementor-element-49db7ee5 elementor-column elementor-col-100 elementor-top-column\" data-id=\"49db7ee5\" data-element_type=\"column\">\n\t\t\t<div class=\"elementor-column-wrap  elementor-element-populated\">\n\t\t\t\t\t<div class=\"elementor-widget-wrap\">\n\t\t\t\t<div class=\"elementor-element elementor-element-59e1659a elementor-widget elementor-widget-text-editor\" data-id=\"59e1659a\" data-element_type=\"widget\" data-widget_type=\"text-editor.default\">\n\t\t\t\t<div class=\"elementor-widget-container\">\n\t\t\t\t\t<div class=\"elementor-text-editor elementor-clearfix\"><p><!-- wp:paragraph --><\/p>\n<h3>De mani\u00e8re g\u00e9n\u00e9rale, vous n\u2019\u00eates pas tenu de nous communiquer vos donn\u00e9es personnelles lorsque vous visitez notre site Internet\u00a0<a href=\"http:\/\/www.elitetourreunion.com\/\">www.bourboncarevasion.re<\/a>.<br \/>Cependant, ce principe comporte certaines exceptions. En effet, pour certains services propos\u00e9s par notre site, vous pouvez \u00eatre amen\u00e9s \u00e0 nous communiquer certaines donn\u00e9es telles que : votre nom, votre pr\u00e9nom, votre adresse \u00e9lectronique, et votre num\u00e9ro de t\u00e9l\u00e9phone. Tel est le cas lorsque vous remplissez le formulaire qui vous est propos\u00e9. Dans tous les cas, vous pouvez refuser de fournir vos donn\u00e9es personnelles. Dans ce cas, vous ne pourrez pas utiliser les services du site, notamment celui de solliciter des renseignements sur notre soci\u00e9t\u00e9, ou de recevoir des infos de r\u00e9servations<br \/>Enfin, nous pouvons collecter de mani\u00e8re automatique certaines informations vous concernant lors d\u2019une simple navigation sur notre site Internet, notamment : des informations concernant l\u2019utilisation de notre site, comme les zones que vous visitez et les services auxquels vous acc\u00e9dez, votre adresse IP, le type de votre navigateur, vos temps d\u2019acc\u00e8s. De telles informations sont utilis\u00e9es exclusivement \u00e0 des fins de statistiques internes, de mani\u00e8re \u00e0 am\u00e9liorer la qualit\u00e9 des services qui vous sont propos\u00e9s. Les bases de donn\u00e9es sont prot\u00e9g\u00e9es par les dispositions de la loi du 1er juillet 1998 transposant la directive 96\/9 du 11 mars 1996 relative \u00e0 la protection juridique des bases de donn\u00e9es.<\/h3>\n<div><\/div>\n<div>MENTIONS L\u00c9GALES :Pour acc\u00e9der \u00e0 nos mentions l\u00e9gales cliquez sur le lien suivant &#8211;\u00a0\u00a0<a target=\"_blank\" href=\"https:\/\/bourboncarevasion.re\/?page_id=94\" rel=\"external noreferrer noopener\" style=\"color: #124964; transition-property: border, background, color; transition-duration: 0.05s; transition-timing-function: ease-in-out; outline: transparent solid 1px; overflow-wrap: break-word; box-sizing: inherit; box-shadow: #5b9dd9 0px 0px 0px 1px, rgba(30, 140, 190, 0.8) 0px 0px 2px 1px; font-family: -apple-system, system-ui, 'Segoe UI', Roboto, Oxygen-Sans, Ubuntu, Cantarell, 'Helvetica Neue', sans-serif; font-size: 13px; background-color: #ffffff; display: inline !important;\">https:\/\/bourboncarevasion.re\/?page_id=94<\/a><\/div>\n<p><a target=\"_blank\" href=\"https:\/\/bourboncarevasion.re\/?page_id=94\" rel=\"external noreferrer noopener\" style=\"color: #124964; transition-property: border, background, color; transition-duration: 0.05s; transition-timing-function: ease-in-out; outline: transparent solid 1px; overflow-wrap: break-word; display: block; box-sizing: inherit; box-shadow: #5b9dd9 0px 0px 0px 1px, rgba(30, 140, 190, 0.8) 0px 0px 2px 1px; font-family: -apple-system, system-ui, 'Segoe UI', Roboto, Oxygen-Sans, Ubuntu, Cantarell, 'Helvetica Neue', sans-serif; font-size: 13px; background-color: #ffffff;\"><span style=\"border: 0px; clip: rect(1px, 1px, 1px, 1px); clip-path: inset(50%); height: 1px; margin: -1px; overflow: hidden; padding: 0px; position: absolute; width: 1px; overflow-wrap: normal !important; box-sizing: inherit;\">(ouvre un nouvel onglet)<\/span><\/a><\/p>\n<p><!-- \/wp:paragraph --><!-- wp:paragraph --><\/p>\n<p><!-- \/wp:paragraph --><!-- wp:paragraph --><\/p>\n<p><!-- \/wp:paragraph --><\/p><\/div>\n\t\t\t\t<\/div>\n\t\t\t\t<\/div>\n\t\t\t\t\t\t<\/div>\n\t\t\t<\/div>\n\t\t<\/div>\n\t\t\t\t\t\t<\/div>\n\t\t\t<\/div>\n\t\t<\/section>\n\t\t\t\t\t\t<\/div>\n\t\t\t<\/div>\n\t\t<\/div>\n\t\t","protected":false},"excerpt":{"rendered":"<p>De mani\u00e8re g\u00e9n\u00e9rale, vous n\u2019\u00eates pas tenu de nous communiquer vos donn\u00e9es personnelles lorsque vous visitez notre site Internet\u00a0www.bourboncarevasion.re.Cependant, ce principe comporte certaines exceptions. En effet, pour certains services propos\u00e9s par notre site, vous pouvez \u00eatre amen\u00e9s \u00e0 nous communiquer certaines donn\u00e9es telles que : votre nom, votre pr\u00e9nom, votre adresse \u00e9lectronique, et votre num\u00e9ro &hellip; <\/p>\n","protected":false},"author":1,"featured_media":36,"parent":0,"menu_order":0,"comment_status":"closed","ping_status":"open","template":"","meta":{"footnotes":""},"class_list":["post-3","page","type-page","status-publish","has-post-thumbnail","hentry"],"yoast_head":"<!-- This site is optimized with the Yoast SEO plugin v15.9 - https:\/\/yoast.com\/wordpress\/plugins\/seo\/ -->\n<title>Politique de confidentialit\u00e9 - Bourbon Car Evasion<\/title>\n<meta name=\"robots\" content=\"index, follow, max-snippet:-1, max-image-preview:large, max-video-preview:-1\" \/>\n<link rel=\"canonical\" href=\"https:\/\/bourboncarevasion.re\/?page_id=3\" \/>\n<meta property=\"og:locale\" content=\"fr_FR\" \/>\n<meta property=\"og:type\" content=\"article\" \/>\n<meta property=\"og:title\" content=\"Politique de confidentialit\u00e9 - Bourbon Car Evasion\" \/>\n<meta property=\"og:description\" content=\"De mani\u00e8re g\u00e9n\u00e9rale, vous n\u2019\u00eates pas tenu de nous communiquer vos donn\u00e9es personnelles lorsque vous visitez notre site Internet\u00a0www.bourboncarevasion.re.Cependant, ce principe comporte certaines exceptions. En effet, pour certains services propos\u00e9s par notre site, vous pouvez \u00eatre amen\u00e9s \u00e0 nous communiquer certaines donn\u00e9es telles que : votre nom, votre pr\u00e9nom, votre adresse \u00e9lectronique, et votre num\u00e9ro &hellip;\" \/>\n<meta property=\"og:url\" content=\"https:\/\/bourboncarevasion.re\/?page_id=3\" \/>\n<meta property=\"og:site_name\" content=\"Bourbon Car Evasion\" \/>\n<meta property=\"article:modified_time\" content=\"2020-07-01T12:15:04+00:00\" \/>\n<meta property=\"og:image\" content=\"https:\/\/bourboncarevasion.re\/wp-content\/uploads\/2019\/08\/cialos2-1024x363.jpg\" \/>\n\t<meta property=\"og:image:width\" content=\"1024\" \/>\n\t<meta property=\"og:image:height\" content=\"363\" \/>\n<meta name=\"twitter:card\" content=\"summary_large_image\" \/>\n<meta name=\"twitter:label1\" content=\"Dur\u00e9e de lecture est.\">\n\t<meta name=\"twitter:data1\" content=\"1 minute\">\n<script type=\"application\/ld+json\" class=\"yoast-schema-graph\">{\"@context\":\"https:\/\/schema.org\",\"@graph\":[{\"@type\":\"WebSite\",\"@id\":\"https:\/\/bourboncarevasion.re\/#website\",\"url\":\"https:\/\/bourboncarevasion.re\/\",\"name\":\"Bourbon Car Evasion\",\"description\":\"L&#039;evasion \\u00e0 Cilaos\",\"potentialAction\":[{\"@type\":\"SearchAction\",\"target\":\"https:\/\/bourboncarevasion.re\/?s={search_term_string}\",\"query-input\":\"required name=search_term_string\"}],\"inLanguage\":\"fr-FR\"},{\"@type\":\"ImageObject\",\"@id\":\"https:\/\/bourboncarevasion.re\/?page_id=3#primaryimage\",\"inLanguage\":\"fr-FR\",\"url\":\"https:\/\/bourboncarevasion.re\/wp-content\/uploads\/2019\/08\/cialos2.jpg\",\"width\":10248,\"height\":3628},{\"@type\":\"WebPage\",\"@id\":\"https:\/\/bourboncarevasion.re\/?page_id=3#webpage\",\"url\":\"https:\/\/bourboncarevasion.re\/?page_id=3\",\"name\":\"Politique de confidentialit\\u00e9 - Bourbon Car Evasion\",\"isPartOf\":{\"@id\":\"https:\/\/bourboncarevasion.re\/#website\"},\"primaryImageOfPage\":{\"@id\":\"https:\/\/bourboncarevasion.re\/?page_id=3#primaryimage\"},\"datePublished\":\"2019-08-08T11:35:33+00:00\",\"dateModified\":\"2020-07-01T12:15:04+00:00\",\"breadcrumb\":{\"@id\":\"https:\/\/bourboncarevasion.re\/?page_id=3#breadcrumb\"},\"inLanguage\":\"fr-FR\",\"potentialAction\":[{\"@type\":\"ReadAction\",\"target\":[\"https:\/\/bourboncarevasion.re\/?page_id=3\"]}]},{\"@type\":\"BreadcrumbList\",\"@id\":\"https:\/\/bourboncarevasion.re\/?page_id=3#breadcrumb\",\"itemListElement\":[{\"@type\":\"ListItem\",\"position\":1,\"item\":{\"@type\":\"WebPage\",\"@id\":\"https:\/\/bourboncarevasion.re\/\",\"url\":\"https:\/\/bourboncarevasion.re\/\",\"name\":\"Accueil\"}},{\"@type\":\"ListItem\",\"position\":2,\"item\":{\"@type\":\"WebPage\",\"@id\":\"https:\/\/bourboncarevasion.re\/?page_id=3\",\"url\":\"https:\/\/bourboncarevasion.re\/?page_id=3\",\"name\":\"Politique de confidentialit\\u00e9\"}}]}]}<\/script>\n<!-- \/ Yoast SEO plugin. -->","_links":{"self":[{"href":"https:\/\/bourboncarevasion.re\/index.php?rest_route=\/wp\/v2\/pages\/3","targetHints":{"allow":["GET"]}}],"collection":[{"href":"https:\/\/bourboncarevasion.re\/index.php?rest_route=\/wp\/v2\/pages"}],"about":[{"href":"https:\/\/bourboncarevasion.re\/index.php?rest_route=\/wp\/v2\/types\/page"}],"author":[{"embeddable":true,"href":"https:\/\/bourboncarevasion.re\/index.php?rest_route=\/wp\/v2\/users\/1"}],"replies":[{"embeddable":true,"href":"https:\/\/bourboncarevasion.re\/index.php?rest_route=%2Fwp%2Fv2%2Fcomments&post=3"}],"version-history":[{"count":7,"href":"https:\/\/bourboncarevasion.re\/index.php?rest_route=\/wp\/v2\/pages\/3\/revisions"}],"predecessor-version":[{"id":103,"href":"https:\/\/bourboncarevasion.re\/index.php?rest_route=\/wp\/v2\/pages\/3\/revisions\/103"}],"wp:featuredmedia":[{"embeddable":true,"href":"https:\/\/bourboncarevasion.re\/index.php?rest_route=\/wp\/v2\/media\/36"}],"wp:attachment":[{"href":"https:\/\/bourboncarevasion.re\/index.php?rest_route=%2Fwp%2Fv2%2Fmedia&parent=3"}],"curies":[{"name":"wp","href":"https:\/\/api.w.org\/{rel}","templated":true}]}}