{"id":303,"date":"2021-08-03T12:24:46","date_gmt":"2021-08-03T08:24:46","guid":{"rendered":"https:\/\/bourboncarevasion.re\/?page_id=303"},"modified":"2021-08-10T08:40:51","modified_gmt":"2021-08-10T04:40:51","slug":"elementor-303","status":"publish","type":"page","link":"https:\/\/bourboncarevasion.re\/?page_id=303","title":{"rendered":""},"content":{"rendered":"\t\t<div data-elementor-type=\"wp-post\" data-elementor-id=\"303\" class=\"elementor elementor-303\" data-elementor-settings=\"[]\">\n\t\t\t<div class=\"elementor-inner\">\n\t\t\t\t<div class=\"elementor-section-wrap\">\n\t\t\t\t\t\t\t<section class=\"elementor-element elementor-element-3fa72a5 elementor-section-boxed elementor-section-height-default elementor-section-height-default elementor-section elementor-top-section\" data-id=\"3fa72a5\" data-element_type=\"section\">\n\t\t\t\t\t\t<div class=\"elementor-container elementor-column-gap-default\">\n\t\t\t\t<div class=\"elementor-row\">\n\t\t\t\t<div class=\"elementor-element elementor-element-485008a elementor-column elementor-col-100 elementor-top-column\" data-id=\"485008a\" data-element_type=\"column\">\n\t\t\t<div class=\"elementor-column-wrap  elementor-element-populated\">\n\t\t\t\t\t<div class=\"elementor-widget-wrap\">\n\t\t\t\t<div class=\"elementor-element elementor-element-bb090b4 elementor-widget elementor-widget-heading\" data-id=\"bb090b4\" data-element_type=\"widget\" data-widget_type=\"heading.default\">\n\t\t\t\t<div class=\"elementor-widget-container\">\n\t\t\t<h2 class=\"elementor-heading-title elementor-size-default\">NOS PRESTATIONS<\/h2>\t\t<\/div>\n\t\t\t\t<\/div>\n\t\t\t\t<section class=\"elementor-element elementor-element-ebe35d3 elementor-section-boxed elementor-section-height-default elementor-section-height-default elementor-section elementor-inner-section\" data-id=\"ebe35d3\" data-element_type=\"section\">\n\t\t\t\t\t\t<div class=\"elementor-container elementor-column-gap-default\">\n\t\t\t\t<div class=\"elementor-row\">\n\t\t\t\t<div class=\"elementor-element elementor-element-095dc35 elementor-column elementor-col-50 elementor-inner-column\" data-id=\"095dc35\" data-element_type=\"column\">\n\t\t\t<div class=\"elementor-column-wrap  elementor-element-populated\">\n\t\t\t\t\t<div class=\"elementor-widget-wrap\">\n\t\t\t\t<div class=\"elementor-element elementor-element-12c0659 elementor-widget elementor-widget-ucaddon_flip_box\" data-id=\"12c0659\" data-element_type=\"widget\" data-widget_type=\"ucaddon_flip_box.default\">\n\t\t\t\t<div class=\"elementor-widget-container\">\n\t\t\t<!-- start Flip Box -->\n\t\t<link id='font-awesome-css' href='https:\/\/bourboncarevasion.re\/wp-content\/plugins\/unlimited-elements-for-elementor\/assets_libraries\/font-awesome5\/css\/fontawesome-all.min.css' type='text\/css' rel='stylesheet' >\n\t\t<link id='font-awesome-4-shim-css' href='https:\/\/bourboncarevasion.re\/wp-content\/plugins\/unlimited-elements-for-elementor\/assets_libraries\/font-awesome5\/css\/fontawesome-v4-shims.css' type='text\/css' rel='stylesheet' >\n\t\t<link id='uc_ac_assets_file_ue_flipbox_styles_css_12033-css' href='https:\/\/bourboncarevasion.re\/wp-content\/uploads\/ac_assets\/uc_flip_box_base\/animations\/ue-flipbox-styles.css' type='text\/css' rel='stylesheet' >\n\n\t\t\t<style type=\"text\/css\">\/* widget: Flip Box *\/\n\n#uc_flip_box_elementor17738 .ue-flip-box__panel.ue-flip-box__panel--front,\n#uc_flip_box_elementor17738 .ue-flip-box__panel.ue-flip-box__panel--back {\n    backface-visibility: hidden;\n    -webkit-backface-visibility: hidden; \n}\n\n\n#uc_flip_box_elementor17738 .ue-flip-box__panel--back .ue_btn{\n\tdisplay: inline-block;\n}\n \n\n\t\n\n\n\n\n\n#uc_flip_box_elementor17738 .ue-flip-box__panel--front-overlay\n{\n  position:absolute;\n  top:0;\n  bottom:0;\n  right:0;\n  left:0;\n  z-index:-1;\n}\n\n<\/style>\n\n\t\t\t<div id=\"uc_flip_box_elementor17738\" class=\"ue-flip-box\">\n  \n      <div class=\"ue-flip-box__container uc-hide flip_left ue-flip-box__container--hover\">\n      \n    <div class=\"ue-flip-box__panel ue-flip-box__panel--front\">\n      <div class=\"ue-flip-box__panel--front-overlay\"><\/div>\n            <div class=\"ue-flip-box__panel__wrapper\">\n        <div class=\"ue-flip-box__panel__content\">\n            <div class=\"ue-flip-box__panel__element ue-flip-box__icon\"><i class='fas fa-user-clock'><\/i><\/div>            <div class=\"ue-flip-box__panel__element ue-flip-box__title\">TRANSPORTS OCCASIONNELS<\/div>            <div class=\"ue-flip-box__panel__element ue-flip-box__description\"><\/div>        <\/div>\n      <\/div>\n    <\/div>\n    \n    <div class=\"ue-flip-box__panel ue-flip-box__panel--back\">\n            <div class=\"ue-flip-box__panel__wrapper\">\n        <div class=\"ue-flip-box__panel__content\">\n\n          <div class=\"ue-flip-box__panel__element ue-flip-box__icon\"><i class=''><\/i><\/div>          <div class=\"ue-flip-box__panel__element ue-flip-box__title\"><\/div>          <div class=\"ue-flip-box__panel__element ue-flip-box__description\"><p>Notre service commercial est \u00e0 votre \u00e9coute pour r\u00e9pondre \u00e0 vos demandes de transport sp\u00e9cifique : excursions touristiques, sorties culturelles, religieuses et sportives... Notre \u00e9quipe professionnelle ainsi que le nombre important de v\u00e9hicules composant notre flotte nous permettent \u00e9galement de proposer des offres attractives concernant l'\u00e9v\u00e8nementiel.<\/p><\/div>          <div class=\"ue-flip-box__panel__element ue-flip-box__button\"><a href=\"#\" class=\"ue_btn\" ><\/a><\/div>        <\/div>\n      <\/div>\n    <\/div>\n    \n  <\/div>\n  \n        \n<\/div>\n\t\t\t<!-- end Flip Box -->\t\t<\/div>\n\t\t\t\t<\/div>\n\t\t\t\t\t\t<\/div>\n\t\t\t<\/div>\n\t\t<\/div>\n\t\t\t\t<div class=\"elementor-element elementor-element-d09ed86 elementor-column elementor-col-50 elementor-inner-column\" data-id=\"d09ed86\" data-element_type=\"column\">\n\t\t\t<div class=\"elementor-column-wrap  elementor-element-populated\">\n\t\t\t\t\t<div class=\"elementor-widget-wrap\">\n\t\t\t\t<div class=\"elementor-element elementor-element-793a047 elementor-widget elementor-widget-ucaddon_flip_box\" data-id=\"793a047\" data-element_type=\"widget\" data-widget_type=\"ucaddon_flip_box.default\">\n\t\t\t\t<div class=\"elementor-widget-container\">\n\t\t\t<!-- start Flip Box -->\n\n\t\t\t<style type=\"text\/css\">\/* widget: Flip Box *\/\n\n#uc_flip_box_elementor25639 .ue-flip-box__panel.ue-flip-box__panel--front,\n#uc_flip_box_elementor25639 .ue-flip-box__panel.ue-flip-box__panel--back {\n    backface-visibility: hidden;\n    -webkit-backface-visibility: hidden; \n}\n\n\n#uc_flip_box_elementor25639 .ue-flip-box__panel--back .ue_btn{\n\tdisplay: inline-block;\n}\n \n\n\t\n\n\n\n\n\n#uc_flip_box_elementor25639 .ue-flip-box__panel--front-overlay\n{\n  position:absolute;\n  top:0;\n  bottom:0;\n  right:0;\n  left:0;\n  z-index:-1;\n}\n\n<\/style>\n\n\t\t\t<div id=\"uc_flip_box_elementor25639\" class=\"ue-flip-box\">\n  \n      <div class=\"ue-flip-box__container uc-hide flip_left ue-flip-box__container--hover\">\n      \n    <div class=\"ue-flip-box__panel ue-flip-box__panel--front\">\n      <div class=\"ue-flip-box__panel--front-overlay\"><\/div>\n            <div class=\"ue-flip-box__panel__wrapper\">\n        <div class=\"ue-flip-box__panel__content\">\n            <div class=\"ue-flip-box__panel__element ue-flip-box__icon\"><i class='fas fa-check-circle'><\/i><\/div>            <div class=\"ue-flip-box__panel__element ue-flip-box__title\">LES PARTICULIERS<\/div>            <div class=\"ue-flip-box__panel__element ue-flip-box__description\"><\/div>        <\/div>\n      <\/div>\n    <\/div>\n    \n    <div class=\"ue-flip-box__panel ue-flip-box__panel--back\">\n            <div class=\"ue-flip-box__panel__wrapper\">\n        <div class=\"ue-flip-box__panel__content\">\n\n          <div class=\"ue-flip-box__panel__element ue-flip-box__icon\"><i class=''><\/i><\/div>          <div class=\"ue-flip-box__panel__element ue-flip-box__title\"><\/div>          <div class=\"ue-flip-box__panel__element ue-flip-box__description\"><p>Envoyez-nous votre demande, nous vous assurons une r\u00e9ponse par devis dans les meilleurs d\u00e9lais.<\/p><\/div>                  <\/div>\n      <\/div>\n    <\/div>\n    \n  <\/div>\n  \n        \n<\/div>\n\t\t\t<!-- end Flip Box -->\t\t<\/div>\n\t\t\t\t<\/div>\n\t\t\t\t\t\t<\/div>\n\t\t\t<\/div>\n\t\t<\/div>\n\t\t\t\t\t\t<\/div>\n\t\t\t<\/div>\n\t\t<\/section>\n\t\t\t\t\t\t<\/div>\n\t\t\t<\/div>\n\t\t<\/div>\n\t\t\t\t\t\t<\/div>\n\t\t\t<\/div>\n\t\t<\/section>\n\t\t\t\t<section class=\"elementor-element elementor-element-1d8b80c elementor-section-boxed elementor-section-height-default elementor-section-height-default elementor-section elementor-top-section\" data-id=\"1d8b80c\" data-element_type=\"section\">\n\t\t\t\t\t\t<div class=\"elementor-container elementor-column-gap-default\">\n\t\t\t\t<div class=\"elementor-row\">\n\t\t\t\t<div class=\"elementor-element elementor-element-75a7906 elementor-column elementor-col-100 elementor-top-column\" data-id=\"75a7906\" data-element_type=\"column\">\n\t\t\t<div class=\"elementor-column-wrap  elementor-element-populated\">\n\t\t\t\t\t<div class=\"elementor-widget-wrap\">\n\t\t\t\t<div class=\"elementor-element elementor-element-50c4a47 elementor-widget elementor-widget-heading\" data-id=\"50c4a47\" data-element_type=\"widget\" data-widget_type=\"heading.default\">\n\t\t\t\t<div class=\"elementor-widget-container\">\n\t\t\t<h2 class=\"elementor-heading-title elementor-size-default\">PRESTATIONS SUR MESURE<\/h2>\t\t<\/div>\n\t\t\t\t<\/div>\n\t\t\t\t<section class=\"elementor-element elementor-element-1b0d105 elementor-section-boxed elementor-section-height-default elementor-section-height-default elementor-section elementor-inner-section\" data-id=\"1b0d105\" data-element_type=\"section\">\n\t\t\t\t\t\t<div class=\"elementor-container elementor-column-gap-default\">\n\t\t\t\t<div class=\"elementor-row\">\n\t\t\t\t<div class=\"elementor-element elementor-element-debbb93 elementor-column elementor-col-50 elementor-inner-column\" data-id=\"debbb93\" data-element_type=\"column\">\n\t\t\t<div class=\"elementor-column-wrap  elementor-element-populated\">\n\t\t\t\t\t<div class=\"elementor-widget-wrap\">\n\t\t\t\t<div class=\"elementor-element elementor-element-14707b5 elementor-widget elementor-widget-ucaddon_flip_box\" data-id=\"14707b5\" data-element_type=\"widget\" data-widget_type=\"ucaddon_flip_box.default\">\n\t\t\t\t<div class=\"elementor-widget-container\">\n\t\t\t<!-- start Flip Box -->\n\n\t\t\t<style type=\"text\/css\">\/* widget: Flip Box *\/\n\n#uc_flip_box_elementor37518 .ue-flip-box__panel.ue-flip-box__panel--front,\n#uc_flip_box_elementor37518 .ue-flip-box__panel.ue-flip-box__panel--back {\n    backface-visibility: hidden;\n    -webkit-backface-visibility: hidden; \n}\n\n\n#uc_flip_box_elementor37518 .ue-flip-box__panel--back .ue_btn{\n\tdisplay: inline-block;\n}\n \n\n\t\n\n\n\n\n\n#uc_flip_box_elementor37518 .ue-flip-box__panel--front-overlay\n{\n  position:absolute;\n  top:0;\n  bottom:0;\n  right:0;\n  left:0;\n  z-index:-1;\n}\n\n<\/style>\n\n\t\t\t<div id=\"uc_flip_box_elementor37518\" class=\"ue-flip-box\">\n  \n      <div class=\"ue-flip-box__container uc-hide flip_left ue-flip-box__container--hover\">\n      \n    <div class=\"ue-flip-box__panel ue-flip-box__panel--front\">\n      <div class=\"ue-flip-box__panel--front-overlay\"><\/div>\n            <div class=\"ue-flip-box__panel__wrapper\">\n        <div class=\"ue-flip-box__panel__content\">\n            <div class=\"ue-flip-box__panel__element ue-flip-box__icon\"><i class='fas fa-running'><\/i><\/div>            <div class=\"ue-flip-box__panel__element ue-flip-box__title\">POUR LES CLUBS SPORTIFS<\/div>            <div class=\"ue-flip-box__panel__element ue-flip-box__description\"><\/div>        <\/div>\n      <\/div>\n    <\/div>\n    \n    <div class=\"ue-flip-box__panel ue-flip-box__panel--back\">\n            <div class=\"ue-flip-box__panel__wrapper\">\n        <div class=\"ue-flip-box__panel__content\">\n\n          <div class=\"ue-flip-box__panel__element ue-flip-box__icon\"><i class='fas fa-rocket'><\/i><\/div>          <div class=\"ue-flip-box__panel__element ue-flip-box__title\"><\/div>          <div class=\"ue-flip-box__panel__element ue-flip-box__description\"><p>Club, \u00e9quipe sportive ou groupe de supporters : contactez-nous pour mettre en place votre transport. Un transport group\u00e9, c'est un meilleur budget!<\/p><\/div>          <div class=\"ue-flip-box__panel__element ue-flip-box__button\"><a href=\"#\" class=\"ue_btn\" ><\/a><\/div>        <\/div>\n      <\/div>\n    <\/div>\n    \n  <\/div>\n  \n        \n<\/div>\n\t\t\t<!-- end Flip Box -->\t\t<\/div>\n\t\t\t\t<\/div>\n\t\t\t\t\t\t<\/div>\n\t\t\t<\/div>\n\t\t<\/div>\n\t\t\t\t<div class=\"elementor-element elementor-element-6ef08f5 elementor-column elementor-col-50 elementor-inner-column\" data-id=\"6ef08f5\" data-element_type=\"column\">\n\t\t\t<div class=\"elementor-column-wrap  elementor-element-populated\">\n\t\t\t\t\t<div class=\"elementor-widget-wrap\">\n\t\t\t\t<div class=\"elementor-element elementor-element-964d3b7 elementor-widget elementor-widget-ucaddon_flip_box\" data-id=\"964d3b7\" data-element_type=\"widget\" data-widget_type=\"ucaddon_flip_box.default\">\n\t\t\t\t<div class=\"elementor-widget-container\">\n\t\t\t<!-- start Flip Box -->\n\n\t\t\t<style type=\"text\/css\">\/* widget: Flip Box *\/\n\n#uc_flip_box_elementor43195 .ue-flip-box__panel.ue-flip-box__panel--front,\n#uc_flip_box_elementor43195 .ue-flip-box__panel.ue-flip-box__panel--back {\n    backface-visibility: hidden;\n    -webkit-backface-visibility: hidden; \n}\n\n\n#uc_flip_box_elementor43195 .ue-flip-box__panel--back .ue_btn{\n\tdisplay: inline-block;\n}\n \n\n\t\n\n\n\n\n\n#uc_flip_box_elementor43195 .ue-flip-box__panel--front-overlay\n{\n  position:absolute;\n  top:0;\n  bottom:0;\n  right:0;\n  left:0;\n  z-index:-1;\n}\n\n<\/style>\n\n\t\t\t<div id=\"uc_flip_box_elementor43195\" class=\"ue-flip-box\">\n  \n      <div class=\"ue-flip-box__container uc-hide flip_left ue-flip-box__container--hover\">\n      \n    <div class=\"ue-flip-box__panel ue-flip-box__panel--front\">\n      <div class=\"ue-flip-box__panel--front-overlay\"><\/div>\n            <div class=\"ue-flip-box__panel__wrapper\">\n        <div class=\"ue-flip-box__panel__content\">\n            <div class=\"ue-flip-box__panel__element ue-flip-box__icon\"><i class='fas fa-user-friends'><\/i><\/div>            <div class=\"ue-flip-box__panel__element ue-flip-box__title\">POUR LES MANIFESTATIONS<\/div>            <div class=\"ue-flip-box__panel__element ue-flip-box__description\"><\/div>        <\/div>\n      <\/div>\n    <\/div>\n    \n    <div class=\"ue-flip-box__panel ue-flip-box__panel--back\">\n            <div class=\"ue-flip-box__panel__wrapper\">\n        <div class=\"ue-flip-box__panel__content\">\n\n          <div class=\"ue-flip-box__panel__element ue-flip-box__icon\"><i class=''><\/i><\/div>          <div class=\"ue-flip-box__panel__element ue-flip-box__title\"><\/div>          <div class=\"ue-flip-box__panel__element ue-flip-box__description\"><p>Composez votre groupe, nous vous transportons en toute s\u00e9curit\u00e9 et convivialit\u00e9!<\/p><\/div>          <div class=\"ue-flip-box__panel__element ue-flip-box__button\"><a href=\"#\" class=\"ue_btn\" ><\/a><\/div>        <\/div>\n      <\/div>\n    <\/div>\n    \n  <\/div>\n  \n        \n<\/div>\n\t\t\t<!-- end Flip Box -->\t\t<\/div>\n\t\t\t\t<\/div>\n\t\t\t\t\t\t<\/div>\n\t\t\t<\/div>\n\t\t<\/div>\n\t\t\t\t\t\t<\/div>\n\t\t\t<\/div>\n\t\t<\/section>\n\t\t\t\t\t\t<\/div>\n\t\t\t<\/div>\n\t\t<\/div>\n\t\t\t\t\t\t<\/div>\n\t\t\t<\/div>\n\t\t<\/section>\n\t\t\t\t\t\t<\/div>\n\t\t\t<\/div>\n\t\t<\/div>\n\t\t","protected":false},"excerpt":{"rendered":"<p>NOS PRESTATIONS TRANSPORTS OCCASIONNELS Notre service commercial est \u00e0 votre \u00e9coute pour r\u00e9pondre \u00e0 vos demandes de transport sp\u00e9cifique : excursions touristiques, sorties culturelles, religieuses et sportives&#8230; Notre \u00e9quipe professionnelle ainsi que le nombre important de v\u00e9hicules composant notre flotte nous permettent \u00e9galement de proposer des offres attractives concernant l&rsquo;\u00e9v\u00e8nementiel. LES PARTICULIERS Envoyez-nous votre demande, &hellip; <\/p>\n","protected":false},"author":1,"featured_media":18,"parent":0,"menu_order":0,"comment_status":"closed","ping_status":"closed","template":"","meta":{"footnotes":""},"class_list":["post-303","page","type-page","status-publish","has-post-thumbnail","hentry"],"yoast_head":"<!-- This site is optimized with the Yoast SEO plugin v15.9 - https:\/\/yoast.com\/wordpress\/plugins\/seo\/ -->\n<title>- Bourbon Car Evasion<\/title>\n<meta name=\"robots\" content=\"index, follow, max-snippet:-1, max-image-preview:large, max-video-preview:-1\" \/>\n<link rel=\"canonical\" href=\"https:\/\/bourboncarevasion.re\/?page_id=303\" \/>\n<meta property=\"og:locale\" content=\"fr_FR\" \/>\n<meta property=\"og:type\" content=\"article\" \/>\n<meta property=\"og:title\" content=\"- Bourbon Car Evasion\" \/>\n<meta property=\"og:description\" content=\"NOS PRESTATIONS TRANSPORTS OCCASIONNELS Notre service commercial est \u00e0 votre \u00e9coute pour r\u00e9pondre \u00e0 vos demandes de transport sp\u00e9cifique : excursions touristiques, sorties culturelles, religieuses et sportives&#8230; Notre \u00e9quipe professionnelle ainsi que le nombre important de v\u00e9hicules composant notre flotte nous permettent \u00e9galement de proposer des offres attractives concernant l&rsquo;\u00e9v\u00e8nementiel. LES PARTICULIERS Envoyez-nous votre demande, &hellip;\" \/>\n<meta property=\"og:url\" content=\"https:\/\/bourboncarevasion.re\/?page_id=303\" \/>\n<meta property=\"og:site_name\" content=\"Bourbon Car Evasion\" \/>\n<meta property=\"article:modified_time\" content=\"2021-08-10T04:40:51+00:00\" \/>\n<meta property=\"og:image\" content=\"https:\/\/bourboncarevasion.re\/wp-content\/uploads\/2019\/08\/fullsizeoutput_30d-1024x363.jpeg\" \/>\n\t<meta property=\"og:image:width\" content=\"1024\" \/>\n\t<meta property=\"og:image:height\" content=\"363\" \/>\n<meta name=\"twitter:card\" content=\"summary_large_image\" \/>\n<meta name=\"twitter:label1\" content=\"Dur\u00e9e de lecture est.\">\n\t<meta name=\"twitter:data1\" content=\"2 minutes\">\n<script type=\"application\/ld+json\" class=\"yoast-schema-graph\">{\"@context\":\"https:\/\/schema.org\",\"@graph\":[{\"@type\":\"WebSite\",\"@id\":\"https:\/\/bourboncarevasion.re\/#website\",\"url\":\"https:\/\/bourboncarevasion.re\/\",\"name\":\"Bourbon Car Evasion\",\"description\":\"L&#039;evasion \\u00e0 Cilaos\",\"potentialAction\":[{\"@type\":\"SearchAction\",\"target\":\"https:\/\/bourboncarevasion.re\/?s={search_term_string}\",\"query-input\":\"required name=search_term_string\"}],\"inLanguage\":\"fr-FR\"},{\"@type\":\"ImageObject\",\"@id\":\"https:\/\/bourboncarevasion.re\/?page_id=303#primaryimage\",\"inLanguage\":\"fr-FR\",\"url\":\"https:\/\/bourboncarevasion.re\/wp-content\/uploads\/2019\/08\/fullsizeoutput_30d.jpeg\",\"width\":10248,\"height\":3628},{\"@type\":\"WebPage\",\"@id\":\"https:\/\/bourboncarevasion.re\/?page_id=303#webpage\",\"url\":\"https:\/\/bourboncarevasion.re\/?page_id=303\",\"name\":\"- Bourbon Car Evasion\",\"isPartOf\":{\"@id\":\"https:\/\/bourboncarevasion.re\/#website\"},\"primaryImageOfPage\":{\"@id\":\"https:\/\/bourboncarevasion.re\/?page_id=303#primaryimage\"},\"datePublished\":\"2021-08-03T08:24:46+00:00\",\"dateModified\":\"2021-08-10T04:40:51+00:00\",\"breadcrumb\":{\"@id\":\"https:\/\/bourboncarevasion.re\/?page_id=303#breadcrumb\"},\"inLanguage\":\"fr-FR\",\"potentialAction\":[{\"@type\":\"ReadAction\",\"target\":[\"https:\/\/bourboncarevasion.re\/?page_id=303\"]}]},{\"@type\":\"BreadcrumbList\",\"@id\":\"https:\/\/bourboncarevasion.re\/?page_id=303#breadcrumb\",\"itemListElement\":[{\"@type\":\"ListItem\",\"position\":1,\"item\":{\"@type\":\"WebPage\",\"@id\":\"https:\/\/bourboncarevasion.re\/\",\"url\":\"https:\/\/bourboncarevasion.re\/\",\"name\":\"Accueil\"}},{\"@type\":\"ListItem\",\"position\":2,\"item\":{\"@type\":\"WebPage\",\"@id\":\"https:\/\/bourboncarevasion.re\/?page_id=303\",\"url\":\"https:\/\/bourboncarevasion.re\/?page_id=303\",\"name\":\"- Bourbon Car Evasion\"}}]}]}<\/script>\n<!-- \/ Yoast SEO plugin. -->","_links":{"self":[{"href":"https:\/\/bourboncarevasion.re\/index.php?rest_route=\/wp\/v2\/pages\/303","targetHints":{"allow":["GET"]}}],"collection":[{"href":"https:\/\/bourboncarevasion.re\/index.php?rest_route=\/wp\/v2\/pages"}],"about":[{"href":"https:\/\/bourboncarevasion.re\/index.php?rest_route=\/wp\/v2\/types\/page"}],"author":[{"embeddable":true,"href":"https:\/\/bourboncarevasion.re\/index.php?rest_route=\/wp\/v2\/users\/1"}],"replies":[{"embeddable":true,"href":"https:\/\/bourboncarevasion.re\/index.php?rest_route=%2Fwp%2Fv2%2Fcomments&post=303"}],"version-history":[{"count":6,"href":"https:\/\/bourboncarevasion.re\/index.php?rest_route=\/wp\/v2\/pages\/303\/revisions"}],"predecessor-version":[{"id":361,"href":"https:\/\/bourboncarevasion.re\/index.php?rest_route=\/wp\/v2\/pages\/303\/revisions\/361"}],"wp:featuredmedia":[{"embeddable":true,"href":"https:\/\/bourboncarevasion.re\/index.php?rest_route=\/wp\/v2\/media\/18"}],"wp:attachment":[{"href":"https:\/\/bourboncarevasion.re\/index.php?rest_route=%2Fwp%2Fv2%2Fmedia&parent=303"}],"curies":[{"name":"wp","href":"https:\/\/api.w.org\/{rel}","templated":true}]}}