{"id":348,"date":"2021-08-09T09:08:18","date_gmt":"2021-08-09T05:08:18","guid":{"rendered":"https:\/\/bourboncarevasion.re\/?page_id=348"},"modified":"2021-09-29T09:43:22","modified_gmt":"2021-09-29T05:43:22","slug":"elementor-348","status":"publish","type":"page","link":"https:\/\/bourboncarevasion.re\/?page_id=348","title":{"rendered":""},"content":{"rendered":"\t\t<div data-elementor-type=\"wp-post\" data-elementor-id=\"348\" class=\"elementor elementor-348\" data-elementor-settings=\"[]\">\n\t\t\t<div class=\"elementor-inner\">\n\t\t\t\t<div class=\"elementor-section-wrap\">\n\t\t\t\t\t\t\t<section class=\"elementor-element elementor-element-4bde0d6 elementor-section-boxed elementor-section-height-default elementor-section-height-default elementor-section elementor-top-section\" data-id=\"4bde0d6\" data-element_type=\"section\">\n\t\t\t\t\t\t<div class=\"elementor-container elementor-column-gap-default\">\n\t\t\t\t<div class=\"elementor-row\">\n\t\t\t\t<div class=\"elementor-element elementor-element-ca5f41d elementor-column elementor-col-100 elementor-top-column\" data-id=\"ca5f41d\" data-element_type=\"column\">\n\t\t\t<div class=\"elementor-column-wrap  elementor-element-populated\">\n\t\t\t\t\t<div class=\"elementor-widget-wrap\">\n\t\t\t\t<div class=\"elementor-element elementor-element-8b7048f elementor-widget elementor-widget-heading\" data-id=\"8b7048f\" data-element_type=\"widget\" data-widget_type=\"heading.default\">\n\t\t\t\t<div class=\"elementor-widget-container\">\n\t\t\t<h2 class=\"elementor-heading-title elementor-size-default\">NOS ENGAGEMENTS DE PRESTATIONS DE QUALITE :<\/h2>\t\t<\/div>\n\t\t\t\t<\/div>\n\t\t\t\t<div class=\"elementor-element elementor-element-9e8f0a7 elementor-widget elementor-widget-spacer\" data-id=\"9e8f0a7\" data-element_type=\"widget\" data-widget_type=\"spacer.default\">\n\t\t\t\t<div class=\"elementor-widget-container\">\n\t\t\t\t\t<div class=\"elementor-spacer\">\n\t\t\t<div class=\"elementor-spacer-inner\"><\/div>\n\t\t<\/div>\n\t\t\t\t<\/div>\n\t\t\t\t<\/div>\n\t\t\t\t<div class=\"elementor-element elementor-element-ec7394d elementor-widget elementor-widget-ucaddon_timeline_bullets\" data-id=\"ec7394d\" data-element_type=\"widget\" data-widget_type=\"ucaddon_timeline_bullets.default\">\n\t\t\t\t<div class=\"elementor-widget-container\">\n\t\t\t<!-- start Timeline Bullets -->\n\t\t<link id='font-awesome-css' href='https:\/\/bourboncarevasion.re\/wp-content\/plugins\/unlimited-elements-for-elementor\/assets_libraries\/font-awesome5\/css\/fontawesome-all.min.css' type='text\/css' rel='stylesheet' >\n\t\t<link id='font-awesome-4-shim-css' href='https:\/\/bourboncarevasion.re\/wp-content\/plugins\/unlimited-elements-for-elementor\/assets_libraries\/font-awesome5\/css\/fontawesome-v4-shims.css' type='text\/css' rel='stylesheet' >\n\t\t<link id='uc_ac_assets_file_uc_rainbow_bullets_css_1905-css' href='https:\/\/bourboncarevasion.re\/wp-content\/uploads\/ac_assets\/uc_rainbow_bullets\/uc_rainbow_bullets.css' type='text\/css' rel='stylesheet' >\n\n\t\t\t<style type=\"text\/css\">\/* widget: Timeline Bullets *\/\n\n#uc_timeline_bullets_elementor16214 .ue_item\n{\n  display:flex;\n  position:relative;\n}\n\n#uc_timeline_bullets_elementor16214 .ue_item_icon\n{\n \n  display:flex;\n  align-items:center;\n  justify-content:center;\n  flex-grow:0;\n  flex-shrink:0;\n}\n\n#uc_timeline_bullets_elementor16214 .ue_item_spacer\n{\n  flex-grow:0;\n  flex-shrink:0;\n}\n\n#uc_timeline_bullets_elementor16214 .ue_item_hr_line\n{\n  height:0px;\n  background:#d6d6d6;\n  flex-grow:0;\n  flex-shrink:0;\n}\n\n#uc_timeline_bullets_elementor16214 .ue_item_vr_line\n{\n  width:0px;\n  height:100%;\n  position:absolute;\n  background:#d6d6d6;\n  flex-grow:0;\n  flex-shrink:0;\n}\n\n.ue_item_title\n{\n  font-size:21px;\n}\n\n<\/style>\n\n\t\t\t<div id=\"uc_timeline_bullets_elementor16214\">\n <div class=\"ue_item\">\n    <div class=\"ue_item_vr_line\"><\/div>\n    <div class=\"ue_item_hr_line\"><\/div>\n    <div class=\"ue_item_icon\" style=\"background-color:#F36262; color:#ffffff;\"><i class='fas fa-book-reader'><\/i><\/div>\n    <div class=\"ue_item_spacer\"><\/div>\n    <div class=\"ue_item_content\">\n      <div class=\"ue_item_title\">Des formations r\u00e9guli\u00e8res de nos conducteurs :<\/div>\n      <div class=\"ue_item_text\">Des formations de professionnelles sont r\u00e9guli\u00e8rement mises en place pour le personnel roulant ou administratif afin d'optimiser la qualit\u00e9 de nos prestations.<\/div>\n    <\/div>\n  <\/div>\n<div class=\"ue_item\">\n    <div class=\"ue_item_vr_line\"><\/div>\n    <div class=\"ue_item_hr_line\"><\/div>\n    <div class=\"ue_item_icon\" style=\"background-color:#ECF968; color:#ffffff;\"><i class='fas fa-grin-alt'><\/i><\/div>\n    <div class=\"ue_item_spacer\"><\/div>\n    <div class=\"ue_item_content\">\n      <div class=\"ue_item_title\">Une \u00e9quipe de professionnels \u00e0 votre \u00e9coute et \u00e0 votre service :<\/div>\n      <div class=\"ue_item_text\">Des conducteurs form\u00e9s, rigoureux, soucieux de votre confort et de votre s\u00e9curit\u00e9, avec un v\u00e9ritable sens de l'accueil et du service. Un p\u00f4le commercial \u00e0 votre \u00e9coute du lundi au vendredi de 8h \u00e0 12h30 et de 13h30 \u00e0 16h30, pour vous conseiller sur nos prestations, v\u00e9hicules, tarifs et \u00e9tablir avec vous une relation commerciale privil\u00e9gi\u00e9e nous permettant de vous proposer des devis avec un v\u00e9ritable rapport qualit\u00e9 prix.<\/div>\n    <\/div>\n  <\/div>\n<div class=\"ue_item\">\n    <div class=\"ue_item_vr_line\"><\/div>\n    <div class=\"ue_item_hr_line\"><\/div>\n    <div class=\"ue_item_icon\" style=\"background-color:#74D8EE; color:#ffffff;\"><i class='fas fa-magic'><\/i><\/div>\n    <div class=\"ue_item_spacer\"><\/div>\n    <div class=\"ue_item_content\">\n      <div class=\"ue_item_title\">Un \u00e9quipe d\u00e9di\u00e9e \u00e0 l'entretien et nettoyage des bus :<\/div>\n      <div class=\"ue_item_text\">Un service de nettoyage d\u00e9di\u00e9 \u00e0 l'entretien et d\u00e9sinfection des v\u00e9hicules apr\u00e8s chaque service permettant \u00e9galement de respecter les pr\u00e9cautions Covid.<\/div>\n    <\/div>\n  <\/div>\n<div class=\"ue_item\">\n    <div class=\"ue_item_vr_line\"><\/div>\n    <div class=\"ue_item_hr_line\"><\/div>\n    <div class=\"ue_item_icon\" style=\"background-color:#4054B2; color:#ffffff;\"><i class='fas fa-shuttle-van'><\/i><\/div>\n    <div class=\"ue_item_spacer\"><\/div>\n    <div class=\"ue_item_content\">\n      <div class=\"ue_item_title\">La m\u00e9canique :<\/div>\n      <div class=\"ue_item_text\">Une \u00e9quipe charg\u00e9e de l'entretien et de la m\u00e9canique des v\u00e9hicules pour un suivi quotidien des v\u00e9hicules et r\u00e9active en cas de panne. <\/div>\n    <\/div>\n  <\/div>\n<div class=\"ue_item\">\n    <div class=\"ue_item_vr_line\"><\/div>\n    <div class=\"ue_item_hr_line\"><\/div>\n    <div class=\"ue_item_icon\" style=\"background-color:#69EF7C; color:#ffffff;\"><i class='fas fa-seedling'><\/i><\/div>\n    <div class=\"ue_item_spacer\"><\/div>\n    <div class=\"ue_item_content\">\n      <div class=\"ue_item_title\"> Les actions \u00e9cologiques sont au coeur de nos engagements :<\/div>\n      <div class=\"ue_item_text\">La mise en place de l'\u00e9coconduite par nos conducteurs pour limiter l'\u00e9mission de CO2 et l'empreinte carbone : la cr\u00e9ation d'un comit\u00e9 environnemental pour partager des id\u00e9es permettant de mettre en place des actions \u00e9cologiques , la sensibilisation aupr\u00e8s d'un personnel administratif pour limiter les impressions de documents papier.<\/div>\n    <\/div>\n  <\/div>\n\n<\/div>\n\t\t\t<!-- end Timeline Bullets -->\t\t<\/div>\n\t\t\t\t<\/div>\n\t\t\t\t\t\t<\/div>\n\t\t\t<\/div>\n\t\t<\/div>\n\t\t\t\t\t\t<\/div>\n\t\t\t<\/div>\n\t\t<\/section>\n\t\t\t\t\t\t<\/div>\n\t\t\t<\/div>\n\t\t<\/div>\n\t\t","protected":false},"excerpt":{"rendered":"<p>NOS ENGAGEMENTS DE PRESTATIONS DE QUALITE : Des formations r\u00e9guli\u00e8res de nos conducteurs : Des formations de professionnelles sont r\u00e9guli\u00e8rement mises en place pour le personnel roulant ou administratif afin d&rsquo;optimiser la qualit\u00e9 de nos prestations. Une \u00e9quipe de professionnels \u00e0 votre \u00e9coute et \u00e0 votre service : Des conducteurs form\u00e9s, rigoureux, soucieux de votre &hellip; <\/p>\n","protected":false},"author":1,"featured_media":18,"parent":0,"menu_order":0,"comment_status":"closed","ping_status":"closed","template":"","meta":{"footnotes":""},"class_list":["post-348","page","type-page","status-publish","has-post-thumbnail","hentry"],"yoast_head":"<!-- This site is optimized with the Yoast SEO plugin v15.9 - https:\/\/yoast.com\/wordpress\/plugins\/seo\/ -->\n<title>- Bourbon Car Evasion<\/title>\n<meta name=\"robots\" content=\"index, follow, max-snippet:-1, max-image-preview:large, max-video-preview:-1\" \/>\n<link rel=\"canonical\" href=\"https:\/\/bourboncarevasion.re\/?page_id=348\" \/>\n<meta property=\"og:locale\" content=\"fr_FR\" \/>\n<meta property=\"og:type\" content=\"article\" \/>\n<meta property=\"og:title\" content=\"- Bourbon Car Evasion\" \/>\n<meta property=\"og:description\" content=\"NOS ENGAGEMENTS DE PRESTATIONS DE QUALITE : Des formations r\u00e9guli\u00e8res de nos conducteurs : Des formations de professionnelles sont r\u00e9guli\u00e8rement mises en place pour le personnel roulant ou administratif afin d&rsquo;optimiser la qualit\u00e9 de nos prestations. Une \u00e9quipe de professionnels \u00e0 votre \u00e9coute et \u00e0 votre service : Des conducteurs form\u00e9s, rigoureux, soucieux de votre &hellip;\" \/>\n<meta property=\"og:url\" content=\"https:\/\/bourboncarevasion.re\/?page_id=348\" \/>\n<meta property=\"og:site_name\" content=\"Bourbon Car Evasion\" \/>\n<meta property=\"article:modified_time\" content=\"2021-09-29T05:43:22+00:00\" \/>\n<meta property=\"og:image\" content=\"https:\/\/bourboncarevasion.re\/wp-content\/uploads\/2019\/08\/fullsizeoutput_30d-1024x363.jpeg\" \/>\n\t<meta property=\"og:image:width\" content=\"1024\" \/>\n\t<meta property=\"og:image:height\" content=\"363\" \/>\n<meta name=\"twitter:card\" content=\"summary_large_image\" \/>\n<meta name=\"twitter:label1\" content=\"Dur\u00e9e de lecture est.\">\n\t<meta name=\"twitter:data1\" content=\"2 minutes\">\n<script type=\"application\/ld+json\" class=\"yoast-schema-graph\">{\"@context\":\"https:\/\/schema.org\",\"@graph\":[{\"@type\":\"WebSite\",\"@id\":\"https:\/\/bourboncarevasion.re\/#website\",\"url\":\"https:\/\/bourboncarevasion.re\/\",\"name\":\"Bourbon Car Evasion\",\"description\":\"L&#039;evasion \\u00e0 Cilaos\",\"potentialAction\":[{\"@type\":\"SearchAction\",\"target\":\"https:\/\/bourboncarevasion.re\/?s={search_term_string}\",\"query-input\":\"required name=search_term_string\"}],\"inLanguage\":\"fr-FR\"},{\"@type\":\"ImageObject\",\"@id\":\"https:\/\/bourboncarevasion.re\/?page_id=348#primaryimage\",\"inLanguage\":\"fr-FR\",\"url\":\"https:\/\/bourboncarevasion.re\/wp-content\/uploads\/2019\/08\/fullsizeoutput_30d.jpeg\",\"width\":10248,\"height\":3628},{\"@type\":\"WebPage\",\"@id\":\"https:\/\/bourboncarevasion.re\/?page_id=348#webpage\",\"url\":\"https:\/\/bourboncarevasion.re\/?page_id=348\",\"name\":\"- Bourbon Car Evasion\",\"isPartOf\":{\"@id\":\"https:\/\/bourboncarevasion.re\/#website\"},\"primaryImageOfPage\":{\"@id\":\"https:\/\/bourboncarevasion.re\/?page_id=348#primaryimage\"},\"datePublished\":\"2021-08-09T05:08:18+00:00\",\"dateModified\":\"2021-09-29T05:43:22+00:00\",\"breadcrumb\":{\"@id\":\"https:\/\/bourboncarevasion.re\/?page_id=348#breadcrumb\"},\"inLanguage\":\"fr-FR\",\"potentialAction\":[{\"@type\":\"ReadAction\",\"target\":[\"https:\/\/bourboncarevasion.re\/?page_id=348\"]}]},{\"@type\":\"BreadcrumbList\",\"@id\":\"https:\/\/bourboncarevasion.re\/?page_id=348#breadcrumb\",\"itemListElement\":[{\"@type\":\"ListItem\",\"position\":1,\"item\":{\"@type\":\"WebPage\",\"@id\":\"https:\/\/bourboncarevasion.re\/\",\"url\":\"https:\/\/bourboncarevasion.re\/\",\"name\":\"Accueil\"}},{\"@type\":\"ListItem\",\"position\":2,\"item\":{\"@type\":\"WebPage\",\"@id\":\"https:\/\/bourboncarevasion.re\/?page_id=348\",\"url\":\"https:\/\/bourboncarevasion.re\/?page_id=348\",\"name\":\"- Bourbon Car Evasion\"}}]}]}<\/script>\n<!-- \/ Yoast SEO plugin. -->","_links":{"self":[{"href":"https:\/\/bourboncarevasion.re\/index.php?rest_route=\/wp\/v2\/pages\/348","targetHints":{"allow":["GET"]}}],"collection":[{"href":"https:\/\/bourboncarevasion.re\/index.php?rest_route=\/wp\/v2\/pages"}],"about":[{"href":"https:\/\/bourboncarevasion.re\/index.php?rest_route=\/wp\/v2\/types\/page"}],"author":[{"embeddable":true,"href":"https:\/\/bourboncarevasion.re\/index.php?rest_route=\/wp\/v2\/users\/1"}],"replies":[{"embeddable":true,"href":"https:\/\/bourboncarevasion.re\/index.php?rest_route=%2Fwp%2Fv2%2Fcomments&post=348"}],"version-history":[{"count":15,"href":"https:\/\/bourboncarevasion.re\/index.php?rest_route=\/wp\/v2\/pages\/348\/revisions"}],"predecessor-version":[{"id":386,"href":"https:\/\/bourboncarevasion.re\/index.php?rest_route=\/wp\/v2\/pages\/348\/revisions\/386"}],"wp:featuredmedia":[{"embeddable":true,"href":"https:\/\/bourboncarevasion.re\/index.php?rest_route=\/wp\/v2\/media\/18"}],"wp:attachment":[{"href":"https:\/\/bourboncarevasion.re\/index.php?rest_route=%2Fwp%2Fv2%2Fmedia&parent=348"}],"curies":[{"name":"wp","href":"https:\/\/api.w.org\/{rel}","templated":true}]}}