{"id":6,"date":"2019-08-11T11:17:38","date_gmt":"2019-08-11T09:17:38","guid":{"rendered":"http:\/\/bourboncarevasion.re\/?page_id=6"},"modified":"2021-09-29T09:41:05","modified_gmt":"2021-09-29T05:41:05","slug":"bourbon-car-evasion","status":"publish","type":"page","link":"https:\/\/bourboncarevasion.re\/","title":{"rendered":"Bourbon Car Evasion"},"content":{"rendered":"\t\t<div data-elementor-type=\"wp-post\" data-elementor-id=\"6\" class=\"elementor elementor-6\" data-elementor-settings=\"[]\">\n\t\t\t<div class=\"elementor-inner\">\n\t\t\t\t<div class=\"elementor-section-wrap\">\n\t\t\t\t\t\t\t<section class=\"elementor-element elementor-element-b7e9675 elementor-section-boxed elementor-section-height-default elementor-section-height-default elementor-section elementor-top-section\" data-id=\"b7e9675\" data-element_type=\"section\">\n\t\t\t\t\t\t<div class=\"elementor-container elementor-column-gap-default\">\n\t\t\t\t<div class=\"elementor-row\">\n\t\t\t\t<div class=\"elementor-element elementor-element-5a5a35a elementor-column elementor-col-100 elementor-top-column\" data-id=\"5a5a35a\" data-element_type=\"column\">\n\t\t\t<div class=\"elementor-column-wrap  elementor-element-populated\">\n\t\t\t\t\t<div class=\"elementor-widget-wrap\">\n\t\t\t\t<div class=\"elementor-element elementor-element-ed76100 elementor-widget elementor-widget-text-editor\" data-id=\"ed76100\" data-element_type=\"widget\" data-widget_type=\"text-editor.default\">\n\t\t\t\t<div class=\"elementor-widget-container\">\n\t\t\t\t\t<div class=\"elementor-text-editor elementor-clearfix\"><p>La soci\u00e9t\u00e9 Bourbon Car Evasion vous propose un service s\u00e9rieux et de qualit\u00e9.&nbsp;<\/p>\n<p>Nous misons sur notre professionnalisme et sur votre satisfaction.&nbsp;<\/p>\n<p>Nos valeurs sont l&rsquo;accueil, la s\u00e9curit\u00e9 et la rigueur.<\/p><\/div>\n\t\t\t\t<\/div>\n\t\t\t\t<\/div>\n\t\t\t\t\t\t<\/div>\n\t\t\t<\/div>\n\t\t<\/div>\n\t\t\t\t\t\t<\/div>\n\t\t\t<\/div>\n\t\t<\/section>\n\t\t\t\t<section class=\"elementor-element elementor-element-81c0425 elementor-section-boxed elementor-section-height-default elementor-section-height-default elementor-section elementor-top-section\" data-id=\"81c0425\" data-element_type=\"section\">\n\t\t\t\t\t\t<div class=\"elementor-container elementor-column-gap-default\">\n\t\t\t\t<div class=\"elementor-row\">\n\t\t\t\t<div class=\"elementor-element elementor-element-bc8a22d elementor-column elementor-col-100 elementor-top-column\" data-id=\"bc8a22d\" data-element_type=\"column\">\n\t\t\t<div class=\"elementor-column-wrap  elementor-element-populated\">\n\t\t\t\t\t<div class=\"elementor-widget-wrap\">\n\t\t\t\t<div class=\"elementor-element elementor-element-23b2663 elementor-widget elementor-widget-ucaddon_card_carousel\" data-id=\"23b2663\" data-element_type=\"widget\" data-widget_type=\"ucaddon_card_carousel.default\">\n\t\t\t\t<div class=\"elementor-widget-container\">\n\t\t\t<!-- start Card Carousel -->\n\t\t<link id='font-awesome-css' href='https:\/\/bourboncarevasion.re\/wp-content\/plugins\/unlimited-elements-for-elementor\/assets_libraries\/font-awesome5\/css\/fontawesome-all.min.css' type='text\/css' rel='stylesheet' >\n\t\t<link id='font-awesome-4-shim-css' href='https:\/\/bourboncarevasion.re\/wp-content\/plugins\/unlimited-elements-for-elementor\/assets_libraries\/font-awesome5\/css\/fontawesome-v4-shims.css' type='text\/css' rel='stylesheet' >\n\t\t<link id='owl-carousel-css' href='https:\/\/bourboncarevasion.re\/wp-content\/plugins\/unlimited-elements-for-elementor\/assets_libraries\/owl-carousel\/assets\/owl.carousel.css' type='text\/css' rel='stylesheet' >\n\n\t\t\t<style type=\"text\/css\">\/* widget: Card Carousel *\/\n\n#uc_card_carousel_elementor18077 *{\n\t-webkit-box-sizing: border-box;\n\t-moz-box-sizing: border-box;\n\tbox-sizing: border-box;\n}\n\n#uc_card_carousel_elementor18077 .uc_classic_carousel_container_holder\n{\n\tdisplay:block;\n\tposition:relative;\n\twidth:100%;\n    box-sizing: border-box;\n}\n.uc_classic_carousel_content h2\n{\n\tfont-size:21px;\n}\n\n.uc_classic_carousel .uc_classic_carousel_border\n{\n\theight:4px;\n\tdisplay:block;\n\twidth:100px;\n    margin:0 auto;\n}\n\n.uc_classic_carousel  .uc_classic_carousel_placeholder\n{\n}\n\n.uc_classic_carousel  .uc_classic_carousel_placeholder img\n{\n\twidth:100%;\n    object-fit: cover;\n}\n.uc_classic_carousel .uc_classic_carousel_content\n{\n  display: flex;\n flex-flow: column nowrap;\n}\n\n.uc_classic_carousel .ue_button\n{\n  margin-top:auto;\n\n}\n\n.uc_classic_carousel .uc_classic_carousel_content .uc_more_btn {\n\tdisplay:inline-block;\n\ttext-decoration:none;\n\ttransition: all 0.5s ease;\n}\n\n#uc_card_carousel_elementor18077 .uc_more_btn\n{\n}\n\n\n\n#uc_card_carousel_elementor18077 .owl-dots {\noverflow:hidden;\ndisplay:block !important;\ntext-align:center;\n}\n\n#uc_card_carousel_elementor18077 .owl-dot {\nborder-radius:50%;\ndisplay:inline-block;\n}\n\n#uc_card_carousel_elementor18077 .owl-nav .owl-prev{\n    position:absolute;\n    left:30px;\n    display:inline-block;\n    text-align:center;\n}\n#uc_card_carousel_elementor18077 .owl-nav .owl-next{\n  position:absolute;\n    right:30px;\n  display:inline-block;\n  text-align:center;\n}\n\n#uc_card_carousel_elementor18077 .owl-nav .owl-prev:after{\n    content: \"\u2190\";\n}\n#uc_card_carousel_elementor18077 .owl-nav .owl-next:after{\n    content: \"\u2192\";\n}\n\n\n\n\n<\/style>\n\n\t\t\t<div class=\"uc_classic_carousel\" id=\"uc_card_carousel_elementor18077\" style=\"direction:ltr;\">\n        <div class=\"uc_carousel owl-carousel\">\n          \t<div class=\"uc_classic_carousel_container_holder\">\n  <div class=\"ue-carousel-item\">\n  <span class=\"uc_classic_carousel_border\" style=\"\"><\/span>    <div class=\"uc_classic_carousel_placeholder\">\n    <a href=\"https:\/\/bourboncarevasion.re\/?page_id=303\" style=\"display:block\" >      <img decoding=\"async\" src=\"https:\/\/bourboncarevasion.re\/wp-content\/uploads\/2019\/08\/IMG_0252.jpg\" alt=\"IMG_0252\">\n    <\/a>  <\/div>\n    <div class=\"uc_classic_carousel_content\" style=\"text-align:center; direction:ltr;\">\n    <h2  class=\"card_carousel_title\">TRANSPORT REGULIER<\/h2>\t\n    <p class=\"card_carousel_text\">Les lignes urbaines, les scolaires. Alterneo, CIVIS<\/p>\t\n    \t    <div class=\"ue_button\"><a class=\"uc_more_btn \" href=\"https:\/\/bourboncarevasion.re\/?page_id=303\" >En savoir plus <\/a><\/div>\n    \t\n  <\/div>\n  <\/div>\n<\/div>\n<div class=\"uc_classic_carousel_container_holder\">\n  <div class=\"ue-carousel-item\">\n  <span class=\"uc_classic_carousel_border\" style=\"\"><\/span>    <div class=\"uc_classic_carousel_placeholder\">\n    <a href=\"https:\/\/bourboncarevasion.re\/?page_id=303\" style=\"display:block\" >      <img decoding=\"async\" src=\"https:\/\/bourboncarevasion.re\/wp-content\/uploads\/2021\/08\/brief-4510896_640.png\" alt=\"brief-4510896_640\">\n    <\/a>  <\/div>\n    <div class=\"uc_classic_carousel_content\" style=\"text-align:center; direction:ltr;\">\n    <h2  class=\"card_carousel_title\">TRANSPORT SUR MESURE<\/h2>\t\n    <p class=\"card_carousel_text\">Sorties sportives, sorties religieuses ou culturelles, \u00e9v\u00e8nementiel\u2026<\/p>\t\n    \t    <div class=\"ue_button\"><a class=\"uc_more_btn \" href=\"https:\/\/bourboncarevasion.re\/?page_id=303\" >En savoir plus <\/a><\/div>\n    \t\n  <\/div>\n  <\/div>\n<\/div>\n<div class=\"uc_classic_carousel_container_holder\">\n  <div class=\"ue-carousel-item\">\n  <span class=\"uc_classic_carousel_border\" style=\"\"><\/span>    <div class=\"uc_classic_carousel_placeholder\">\n    <a href=\"https:\/\/bourboncarevasion.re\/?page_id=303\" style=\"display:block\" >      <img decoding=\"async\" src=\"https:\/\/bourboncarevasion.re\/wp-content\/uploads\/2019\/08\/fullsizeoutput_30d.jpeg\" alt=\"cilaos\">\n    <\/a>  <\/div>\n    <div class=\"uc_classic_carousel_content\" style=\"text-align:center; direction:ltr;\">\n    <h2  class=\"card_carousel_title\">TRANSPORT TOURISTIQUE<\/h2>\t\n    <p class=\"card_carousel_text\">D\u00e9couverte de Cilaos, sorties familiales...<\/p>\t\n    \t    <div class=\"ue_button\"><a class=\"uc_more_btn \" href=\"https:\/\/bourboncarevasion.re\/?page_id=303\" >En savoir plus<\/a><\/div>\n    \t\n  <\/div>\n  <\/div>\n<\/div>\n\n      <\/div>\n    <\/div>\n\t\t\t<!-- end Card Carousel -->\t\t<\/div>\n\t\t\t\t<\/div>\n\t\t\t\t\t\t<\/div>\n\t\t\t<\/div>\n\t\t<\/div>\n\t\t\t\t\t\t<\/div>\n\t\t\t<\/div>\n\t\t<\/section>\n\t\t\t\t<section class=\"elementor-element elementor-element-7f61a91 elementor-section-boxed elementor-section-height-default elementor-section-height-default elementor-section elementor-top-section\" data-id=\"7f61a91\" data-element_type=\"section\">\n\t\t\t\t\t\t<div class=\"elementor-container elementor-column-gap-default\">\n\t\t\t\t<div class=\"elementor-row\">\n\t\t\t\t<div class=\"elementor-element elementor-element-48564c9 elementor-column elementor-col-100 elementor-top-column\" data-id=\"48564c9\" data-element_type=\"column\">\n\t\t\t<div class=\"elementor-column-wrap  elementor-element-populated\">\n\t\t\t\t\t<div class=\"elementor-widget-wrap\">\n\t\t\t\t<div class=\"elementor-element elementor-element-c75c4fe elementor-widget elementor-widget-heading\" data-id=\"c75c4fe\" data-element_type=\"widget\" data-widget_type=\"heading.default\">\n\t\t\t\t<div class=\"elementor-widget-container\">\n\t\t\t<h2 class=\"elementor-heading-title elementor-size-default\">N'h\u00e9sitez pas \u00e0 nous contacter pour obtenir un devis !<\/h2>\t\t<\/div>\n\t\t\t\t<\/div>\n\t\t\t\t<div class=\"elementor-element elementor-element-cc5b78b elementor-widget elementor-widget-ucaddon_gradient_button\" data-id=\"cc5b78b\" data-element_type=\"widget\" data-widget_type=\"ucaddon_gradient_button.default\">\n\t\t\t\t<div class=\"elementor-widget-container\">\n\t\t\t<!-- start Gradient Button -->\n\t\t\t<style type=\"text\/css\">\/* widget: Gradient Button *\/\n\n#uc_gradient_button_elementor26887 a {\n  display:inline-block;\n  text-align: center;\n  transition: 0.5s;\n  background-size: 200% auto;\n  box-shadow: 0 5px 20px rgba(0,0,0,0.15);\n   background-image: linear-gradient(to right, #C3DB61 0%, #58F830 51%, #E7F075 100%);\n  text-decoration:none\n }\n\n\n#uc_gradient_button_elementor26887 a:hover {\n  background-position: right center; \n}\n\n<\/style>\n\n\t\t\t<div style=\"text-align:center;\" id=\"uc_gradient_button_elementor26887\">\n  <a href=\"https:\/\/bourboncarevasion.re\/?page_id=204\"  class=\"gradient_button\">NOUS - CONTACTER<\/a>\n<\/div>\n\t\t\t<!-- end Gradient Button -->\t\t<\/div>\n\t\t\t\t<\/div>\n\t\t\t\t\t\t<\/div>\n\t\t\t<\/div>\n\t\t<\/div>\n\t\t\t\t\t\t<\/div>\n\t\t\t<\/div>\n\t\t<\/section>\n\t\t\t\t<section class=\"elementor-element elementor-element-fe70af4 elementor-section-boxed elementor-section-height-default elementor-section-height-default elementor-section elementor-top-section\" data-id=\"fe70af4\" data-element_type=\"section\">\n\t\t\t\t\t\t<div class=\"elementor-container elementor-column-gap-default\">\n\t\t\t\t<div class=\"elementor-row\">\n\t\t\t\t<div class=\"elementor-element elementor-element-673174c elementor-column elementor-col-100 elementor-top-column\" data-id=\"673174c\" data-element_type=\"column\">\n\t\t\t<div class=\"elementor-column-wrap  elementor-element-populated\">\n\t\t\t\t\t<div class=\"elementor-widget-wrap\">\n\t\t\t\t<section class=\"elementor-element elementor-element-2be7cd6 elementor-section-boxed elementor-section-height-default elementor-section-height-default elementor-section elementor-inner-section\" data-id=\"2be7cd6\" data-element_type=\"section\">\n\t\t\t\t\t\t<div class=\"elementor-container elementor-column-gap-default\">\n\t\t\t\t<div class=\"elementor-row\">\n\t\t\t\t<div class=\"elementor-element elementor-element-a8fcd5c elementor-column elementor-col-50 elementor-inner-column\" data-id=\"a8fcd5c\" data-element_type=\"column\">\n\t\t\t<div class=\"elementor-column-wrap  elementor-element-populated\">\n\t\t\t\t\t<div class=\"elementor-widget-wrap\">\n\t\t\t\t<div class=\"elementor-element elementor-element-8dbecc0 elementor-widget elementor-widget-ucaddon_blox_solid_color_blockquote\" data-id=\"8dbecc0\" data-element_type=\"widget\" data-widget_type=\"ucaddon_blox_solid_color_blockquote.default\">\n\t\t\t\t<div class=\"elementor-widget-container\">\n\t\t\t<!-- start Block Quote Box -->\n\t\t<link id='uc_ac_assets_file_blox_solid_color_blockquote_css_747-css' href='https:\/\/bourboncarevasion.re\/wp-content\/uploads\/ac_assets\/blox_solid_color_blockquote\/blox-solid-color-blockquote.css' type='text\/css' rel='stylesheet' >\n\n\n\t\t\t<div class=\"blox-solid-color-blockquote\" style=\"text-align:left;\">\n    \t<div class=\"blox-content\" style=\"background-color:#61CE70;\">\n        \t<p style=\"color:#ffffff\">\"Confortablement install\u00e9s dans nos v\u00e9hicules, profitez du plaisir de voyager, en toute convivialit\u00e9 et sans aucune contrainte ! \n\"<\/p>\n           \t<div style=\"color:#ffffff;\" class=\"blox-author\"><i style=\"background-color: rgba(255,255,255,0.3);\" class=\"fas fa-quote-left\"><\/i>- Bourbon Car Evasion\n            <\/div>\n        <\/div>\n    <\/div>\n\t\t\t<!-- end Block Quote Box -->\t\t<\/div>\n\t\t\t\t<\/div>\n\t\t\t\t\t\t<\/div>\n\t\t\t<\/div>\n\t\t<\/div>\n\t\t\t\t<div class=\"elementor-element elementor-element-2194114 elementor-column elementor-col-50 elementor-inner-column\" data-id=\"2194114\" data-element_type=\"column\">\n\t\t\t<div class=\"elementor-column-wrap  elementor-element-populated\">\n\t\t\t\t\t<div class=\"elementor-widget-wrap\">\n\t\t\t\t<div class=\"elementor-element elementor-element-b957c82 elementor-widget elementor-widget-ucaddon_blox_solid_color_blockquote\" data-id=\"b957c82\" data-element_type=\"widget\" data-widget_type=\"ucaddon_blox_solid_color_blockquote.default\">\n\t\t\t\t<div class=\"elementor-widget-container\">\n\t\t\t<!-- start Block Quote Box -->\n\n\n\t\t\t<div class=\"blox-solid-color-blockquote\" style=\"text-align:left;\">\n    \t<div class=\"blox-content\" style=\"background-color:#D7D24E;\">\n        \t<p style=\"color:#ffffff\">\"Admirez la beaut\u00e9 des paysages r\u00e9unionnais sans vous soucier de la route, encadr\u00e9s par un conducteur professionnel.\"<\/p>\n           \t<div style=\"color:#ffffff;\" class=\"blox-author\"><i style=\"background-color: rgba(255,255,255,0.3);\" class=\"fas fa-quote-left\"><\/i>- Bourbon Car Evasion\n            <\/div>\n        <\/div>\n    <\/div>\n\t\t\t<!-- end Block Quote Box -->\t\t<\/div>\n\t\t\t\t<\/div>\n\t\t\t\t\t\t<\/div>\n\t\t\t<\/div>\n\t\t<\/div>\n\t\t\t\t\t\t<\/div>\n\t\t\t<\/div>\n\t\t<\/section>\n\t\t\t\t\t\t<\/div>\n\t\t\t<\/div>\n\t\t<\/div>\n\t\t\t\t\t\t<\/div>\n\t\t\t<\/div>\n\t\t<\/section>\n\t\t\t\t<section class=\"elementor-element elementor-element-7b453b7 elementor-section-boxed elementor-section-height-default elementor-section-height-default elementor-section elementor-top-section\" data-id=\"7b453b7\" data-element_type=\"section\">\n\t\t\t\t\t\t<div class=\"elementor-container elementor-column-gap-default\">\n\t\t\t\t<div class=\"elementor-row\">\n\t\t\t\t<div class=\"elementor-element elementor-element-87af330 elementor-column elementor-col-100 elementor-top-column\" data-id=\"87af330\" data-element_type=\"column\">\n\t\t\t<div class=\"elementor-column-wrap  elementor-element-populated\">\n\t\t\t\t\t<div class=\"elementor-widget-wrap\">\n\t\t\t\t<div class=\"elementor-element elementor-element-02c2afe elementor-widget elementor-widget-ucaddon_transparent_split_hero\" data-id=\"02c2afe\" data-element_type=\"widget\" data-widget_type=\"ucaddon_transparent_split_hero.default\">\n\t\t\t\t<div class=\"elementor-widget-container\">\n\t\t\t<!-- start Transparent Split Hero -->\n\t\t<link id='uc_ac_assets_file_uc_photography_header_css_0-css' href='https:\/\/bourboncarevasion.re\/wp-content\/uploads\/ac_assets\/uc_photography_header\/uc_photography_header.css' type='text\/css' rel='stylesheet' >\n\n\t\t\t<style type=\"text\/css\">\/* widget: Transparent Split Hero *\/\n\n.uc_photography_header *{\n\tmargin:0;\n\tpadding:0;\n\t-webkit-box-sizing: border-box;\n\t-moz-box-sizing: border-box;\n\tbox-sizing: border-box;\n\t\n}\n#uc_transparent_split_hero_elementor52543\n{\n\tposition:relative;\n\twidth:100%;\n    background-position:center;\n    background-size:cover;\n    background-image:url(https:\/\/bourboncarevasion.re\/wp-content\/uploads\/2021\/03\/DSCN0135-1-scaled.jpg);\n    display:flex;\n    \n}\n\n#uc_transparent_split_hero_elementor52543 > div\n{\n  height:100%;\n  display:flex;\n    align-items:center;\n}\n\n.uc_photography_header .uc_container_text_box{ \n  text-align:left;\n}\n\n.uc_photography_header .uc_subtitle\n{\n  font-size:42px;\n}\n\n.uc_photography_header .uc_container_text_box a{\n\tborder-style:solid;\n\tdisplay:inline-block;\n}\n\n<\/style>\n\n\t\t\t<div class=\"uc_photography_header\" id=\"uc_transparent_split_hero_elementor52543\">    \t      \n  <div class=\"uc_container_text_box\">  \n  <div>\n        <div class=\"uc_title\"><\/div>\n        <div class=\"uc_subtitle\">Galerie<\/div>\n        <div class=\"uc_text\"><\/div>\n        <a class=\"uc_btn\" href=\"https:\/\/bourboncarevasion.re\/?page_id=212\" >D\u00e9couvrir<\/a>\n    <\/div>\n  <\/div>\n<\/div>\n\t\t\t<!-- end Transparent Split Hero -->\t\t<\/div>\n\t\t\t\t<\/div>\n\t\t\t\t<div class=\"elementor-element elementor-element-83f67d7 elementor-widget elementor-widget-spacer\" data-id=\"83f67d7\" data-element_type=\"widget\" data-widget_type=\"spacer.default\">\n\t\t\t\t<div class=\"elementor-widget-container\">\n\t\t\t\t\t<div class=\"elementor-spacer\">\n\t\t\t<div class=\"elementor-spacer-inner\"><\/div>\n\t\t<\/div>\n\t\t\t\t<\/div>\n\t\t\t\t<\/div>\n\t\t\t\t<div class=\"elementor-element elementor-element-7fb1b90 elementor-widget elementor-widget-ucaddon_logo_grid\" data-id=\"7fb1b90\" data-element_type=\"widget\" data-widget_type=\"ucaddon_logo_grid.default\">\n\t\t\t\t<div class=\"elementor-widget-container\">\n\t\t\t<!-- start Logo Grid -->\n\t\t\t<style type=\"text\/css\">\/* widget: Logo Grid *\/\n\n#uc_logo_grid_elementor66355 {\n  display: grid;\n  grid-template-columns: repeat(4, 1fr);\n  grid-gap: 20px;\n}\n\n#uc_logo_grid_elementor66355 div.logo-grid-item\n{\ntext-align:center;\ndisplay:flex;\njustify-content:center;\nalign-items:center;\noverflow:hidden;\n  position:relative;\n  transition:0.3s;\n\n}\n\n#uc_logo_grid_elementor66355 div.logo-grid-item img\n{\nwidth:100%;\n  object-fit: contain;\n  display:block;\n  mix-blend-mode: normal;\n  position:absolute;\n  top:0;\n  left:0;\n  right:0;\n  bottom:0;\n  height:100%;\n  transition:0.3s;\n}\n\n\n\n#uc_logo_grid_elementor66355 a\n{\n  display:block;\n  position:absolute;\n  top:0;\n  left:0;\n  right:0;\n  bottom:0;\n  cursor:pointer;\n  display:flex;\njustify-content:center;\nalign-items:center;\n}\n\n\n@media (max-width:768px)\n{\n#uc_logo_grid_elementor66355 {\n  grid-template-columns: repeat(2, 1fr);\n}\n}\n\n@media (max-width:530px)\n{\n#uc_logo_grid_elementor66355 {\n  grid-template-columns: repeat(1, 1fr);\n}\n}\n\n<\/style>\n\n\t\t\t<div id=\"uc_logo_grid_elementor66355\">\n<div class=\"logo-grid-item \" >\n   \n\t<a href=\"https:\/\/www.civis.re\/\" > \n\t\n  \n    <img decoding=\"async\" src=\"https:\/\/bourboncarevasion.re\/wp-content\/uploads\/2021\/08\/28.png\" title=\"Default Title\">\n      \n  <\/a>\n  \t\n<\/div>\n<div class=\"logo-grid-item \" >\n   \n\t<a href=\"https:\/\/www.alterneo.re\/\" > \n\t\n  \n    <img decoding=\"async\" src=\"https:\/\/bourboncarevasion.re\/wp-content\/uploads\/2021\/08\/telechargement-1.png\" title=\"Default Title\">\n      \n  <\/a>\n  \t\n<\/div>\n\n<\/div>\n\t\t\t<!-- end Logo Grid -->\t\t<\/div>\n\t\t\t\t<\/div>\n\t\t\t\t\t\t<\/div>\n\t\t\t<\/div>\n\t\t<\/div>\n\t\t\t\t\t\t<\/div>\n\t\t\t<\/div>\n\t\t<\/section>\n\t\t\t\t\t\t<\/div>\n\t\t\t<\/div>\n\t\t<\/div>\n\t\t","protected":false},"excerpt":{"rendered":"<p>La soci\u00e9t\u00e9 Bourbon Car Evasion vous propose un service s\u00e9rieux et de qualit\u00e9.&nbsp; Nous misons sur notre professionnalisme et sur votre satisfaction.&nbsp; Nos valeurs sont l&rsquo;accueil, la s\u00e9curit\u00e9 et la rigueur. TRANSPORT REGULIER Les lignes urbaines, les scolaires. Alterneo, CIVIS En savoir plus TRANSPORT SUR MESURE Sorties sportives, sorties religieuses ou culturelles, \u00e9v\u00e8nementiel\u2026 En savoir &hellip; <\/p>\n","protected":false},"author":1,"featured_media":174,"parent":0,"menu_order":0,"comment_status":"closed","ping_status":"closed","template":"","meta":{"footnotes":""},"class_list":["post-6","page","type-page","status-publish","has-post-thumbnail","hentry"],"yoast_head":"<!-- This site is optimized with the Yoast SEO plugin v15.9 - https:\/\/yoast.com\/wordpress\/plugins\/seo\/ -->\n<title>Bourbon Car Evasion - Transport en autocars sur Cilaos<\/title>\n<meta name=\"description\" content=\"Bourbon Car Evasion - Transport Cilaos - Visite - Excursions en car - l&#039;evasion au coeur de l&#039;\u00eele et du cirque de Cilaos - Cars de 22 \u00e0 55 places\" \/>\n<meta name=\"robots\" content=\"index, follow, max-snippet:-1, max-image-preview:large, max-video-preview:-1\" \/>\n<link rel=\"canonical\" href=\"https:\/\/bourboncarevasion.re\/\" \/>\n<meta property=\"og:locale\" content=\"fr_FR\" \/>\n<meta property=\"og:type\" content=\"article\" \/>\n<meta property=\"og:title\" content=\"Bourbon Car Evasion - Transport en autocars sur Cilaos\" \/>\n<meta property=\"og:description\" content=\"Bourbon Car Evasion - Transport Cilaos - Visite - Excursions en car - l&#039;evasion au coeur de l&#039;\u00eele et du cirque de Cilaos - Cars de 22 \u00e0 55 places\" \/>\n<meta property=\"og:url\" content=\"https:\/\/bourboncarevasion.re\/\" \/>\n<meta property=\"og:site_name\" content=\"Bourbon Car Evasion\" \/>\n<meta property=\"article:modified_time\" content=\"2021-09-29T05:41:05+00:00\" \/>\n<meta property=\"og:image\" content=\"https:\/\/bourboncarevasion.re\/wp-content\/uploads\/2021\/03\/DSCN0135-scaled.jpg\" \/>\n\t<meta property=\"og:image:width\" content=\"2560\" \/>\n\t<meta property=\"og:image:height\" content=\"1920\" \/>\n<meta name=\"twitter:card\" content=\"summary_large_image\" \/>\n<meta name=\"twitter:label1\" content=\"Dur\u00e9e de lecture est.\">\n\t<meta name=\"twitter:data1\" content=\"2 minutes\">\n<script type=\"application\/ld+json\" class=\"yoast-schema-graph\">{\"@context\":\"https:\/\/schema.org\",\"@graph\":[{\"@type\":\"WebSite\",\"@id\":\"https:\/\/bourboncarevasion.re\/#website\",\"url\":\"https:\/\/bourboncarevasion.re\/\",\"name\":\"Bourbon Car Evasion\",\"description\":\"L&#039;evasion \\u00e0 Cilaos\",\"potentialAction\":[{\"@type\":\"SearchAction\",\"target\":\"https:\/\/bourboncarevasion.re\/?s={search_term_string}\",\"query-input\":\"required name=search_term_string\"}],\"inLanguage\":\"fr-FR\"},{\"@type\":\"ImageObject\",\"@id\":\"https:\/\/bourboncarevasion.re\/#primaryimage\",\"inLanguage\":\"fr-FR\",\"url\":\"https:\/\/bourboncarevasion.re\/wp-content\/uploads\/2021\/03\/DSCN0135-scaled.jpg\",\"width\":2560,\"height\":1920},{\"@type\":\"WebPage\",\"@id\":\"https:\/\/bourboncarevasion.re\/#webpage\",\"url\":\"https:\/\/bourboncarevasion.re\/\",\"name\":\"Bourbon Car Evasion - Transport en autocars sur Cilaos\",\"isPartOf\":{\"@id\":\"https:\/\/bourboncarevasion.re\/#website\"},\"primaryImageOfPage\":{\"@id\":\"https:\/\/bourboncarevasion.re\/#primaryimage\"},\"datePublished\":\"2019-08-11T09:17:38+00:00\",\"dateModified\":\"2021-09-29T05:41:05+00:00\",\"description\":\"Bourbon Car Evasion - Transport Cilaos - Visite - Excursions en car - l'evasion au coeur de l'\\u00eele et du cirque de Cilaos - Cars de 22 \\u00e0 55 places\",\"breadcrumb\":{\"@id\":\"https:\/\/bourboncarevasion.re\/#breadcrumb\"},\"inLanguage\":\"fr-FR\",\"potentialAction\":[{\"@type\":\"ReadAction\",\"target\":[\"https:\/\/bourboncarevasion.re\/\"]}]},{\"@type\":\"BreadcrumbList\",\"@id\":\"https:\/\/bourboncarevasion.re\/#breadcrumb\",\"itemListElement\":[{\"@type\":\"ListItem\",\"position\":1,\"item\":{\"@type\":\"WebPage\",\"@id\":\"https:\/\/bourboncarevasion.re\/\",\"url\":\"https:\/\/bourboncarevasion.re\/\",\"name\":\"Accueil\"}},{\"@type\":\"ListItem\",\"position\":2,\"item\":{\"@type\":\"WebPage\",\"@id\":\"https:\/\/bourboncarevasion.re\/\",\"url\":\"https:\/\/bourboncarevasion.re\/\",\"name\":\"Bourbon Car Evasion\"}}]}]}<\/script>\n<!-- \/ Yoast SEO plugin. -->","_links":{"self":[{"href":"https:\/\/bourboncarevasion.re\/index.php?rest_route=\/wp\/v2\/pages\/6","targetHints":{"allow":["GET"]}}],"collection":[{"href":"https:\/\/bourboncarevasion.re\/index.php?rest_route=\/wp\/v2\/pages"}],"about":[{"href":"https:\/\/bourboncarevasion.re\/index.php?rest_route=\/wp\/v2\/types\/page"}],"author":[{"embeddable":true,"href":"https:\/\/bourboncarevasion.re\/index.php?rest_route=\/wp\/v2\/users\/1"}],"replies":[{"embeddable":true,"href":"https:\/\/bourboncarevasion.re\/index.php?rest_route=%2Fwp%2Fv2%2Fcomments&post=6"}],"version-history":[{"count":52,"href":"https:\/\/bourboncarevasion.re\/index.php?rest_route=\/wp\/v2\/pages\/6\/revisions"}],"predecessor-version":[{"id":384,"href":"https:\/\/bourboncarevasion.re\/index.php?rest_route=\/wp\/v2\/pages\/6\/revisions\/384"}],"wp:featuredmedia":[{"embeddable":true,"href":"https:\/\/bourboncarevasion.re\/index.php?rest_route=\/wp\/v2\/media\/174"}],"wp:attachment":[{"href":"https:\/\/bourboncarevasion.re\/index.php?rest_route=%2Fwp%2Fv2%2Fmedia&parent=6"}],"curies":[{"name":"wp","href":"https:\/\/api.w.org\/{rel}","templated":true}]}}